{"id":22992541,"date":"2023-01-20T10:09:51","date_gmt":"2023-01-20T15:09:51","guid":{"rendered":"https:\/\/clarkcordonbleu.ca\/?page_id=22992541"},"modified":"2025-06-30T12:39:56","modified_gmt":"2025-06-30T16:39:56","slug":"our-executives","status":"publish","type":"page","link":"https:\/\/clarkcordonbleu.ca\/en\/our-executives\/","title":{"rendered":"Our Executives"},"content":{"rendered":"<p>[et_pb_section fb_built=&#8221;1&#8243; custom_padding_last_edited=&#8221;on|phone&#8221; _builder_version=&#8221;4.27.0&#8243; _module_preset=&#8221;default&#8221; background_color=&#8221;#C11E3C&#8221; custom_padding=&#8221;3%||7%||false|false&#8221; custom_padding_tablet=&#8221;3%||7%||false|false&#8221; custom_padding_phone=&#8221;3%||22%||false|false&#8221; bottom_divider_style=&#8221;wave&#8221; bottom_divider_color=&#8221;#FFFFFF&#8221; bottom_divider_height=&#8221;120px&#8221; bottom_divider_flip=&#8221;vertical&#8221; global_colors_info=&#8221;{}&#8221;][et_pb_row _builder_version=&#8221;4.19.1&#8243; _module_preset=&#8221;default&#8221; max_width=&#8221;80%&#8221; custom_padding=&#8221;||4%||false|false&#8221; global_colors_info=&#8221;{}&#8221;][et_pb_column type=&#8221;4_4&#8243; _builder_version=&#8221;4.19.1&#8243; _module_preset=&#8221;default&#8221; global_colors_info=&#8221;{}&#8221;][et_pb_text _builder_version=&#8221;4.19.1&#8243; _module_preset=&#8221;default&#8221; header_text_align=&#8221;left&#8221; header_text_color=&#8221;#FFFFFF&#8221; header_font_size=&#8221;5em&#8221; width=&#8221;100%&#8221; custom_margin=&#8221;30px||0px||false|false&#8221; custom_padding=&#8221;||||false|false&#8221; header_text_align_tablet=&#8221;left&#8221; header_text_align_phone=&#8221;left&#8221; header_text_align_last_edited=&#8221;on|phone&#8221; header_font_size_tablet=&#8221;4em&#8221; header_font_size_phone=&#8221;3em&#8221; header_font_size_last_edited=&#8221;on|tablet&#8221; global_colors_info=&#8221;{}&#8221;]<\/p>\n<h1>Our Executives<\/h1>\n<p>&nbsp;<\/p>\n<p>[\/et_pb_text][et_pb_divider color=&#8221;#FFFFFF&#8221; divider_weight=&#8221;2px&#8221; _builder_version=&#8221;4.19.1&#8243; _module_preset=&#8221;default&#8221; width=&#8221;25%&#8221; custom_margin=&#8221;||7px|||&#8221; global_colors_info=&#8221;{}&#8221;][\/et_pb_divider][et_pb_text _builder_version=&#8221;4.19.1&#8243; _module_preset=&#8221;default&#8221; text_text_color=&#8221;#FFFFFF&#8221; global_colors_info=&#8221;{}&#8221;]<\/p>\n<p>Our Cordon Bleu management team is a source of pride, composed of approachable, competent executives who are experts in their field.<\/p>\n<p>[\/et_pb_text][\/et_pb_column][\/et_pb_row][\/et_pb_section][et_pb_section fb_built=&#8221;1&#8243; _builder_version=&#8221;4.19.1&#8243; _module_preset=&#8221;default&#8221; background_color=&#8221;#FFFFFF&#8221; custom_padding=&#8221;0px||5%||false|false&#8221; global_colors_info=&#8221;{}&#8221;][et_pb_row column_structure=&#8221;3_5,2_5&#8243; _builder_version=&#8221;4.19.1&#8243; _module_preset=&#8221;default&#8221; max_width=&#8221;80%&#8221; custom_padding=&#8221;||0px||false|false&#8221; global_colors_info=&#8221;{}&#8221;][et_pb_column type=&#8221;3_5&#8243; _builder_version=&#8221;4.19.1&#8243; _module_preset=&#8221;default&#8221; global_colors_info=&#8221;{}&#8221;][et_pb_text _builder_version=&#8221;4.19.1&#8243; _module_preset=&#8221;default&#8221; header_3_font=&#8221;||||||||&#8221; header_3_font_size=&#8221;3em&#8221; custom_margin=&#8221;||5px|||&#8221; global_colors_info=&#8221;{}&#8221;]<\/p>\n<h3>Rob McKenzie<\/h3>\n<p>[\/et_pb_text][dipi_text_highlighter text_highlighter_text=&#8221;President and Chief Executive Officer&#8221; highlight_shape=&#8221;strikethrough&#8221; text_direction=&#8221;inline&#8221; highlight_animation_repeat_mode=&#8221;definite&#8221; highlight_animation_repeat_counts=&#8221;1&#8243; stroke_color=&#8221;#029C92&#8243; stroke_width=&#8221;120px&#8221; highlight_line_cap=&#8221;square&#8221; _builder_version=&#8221;4.19.1&#8243; _module_preset=&#8221;default&#8221; all_text_font=&#8221;Montserrat||||||||&#8221; all_text_text_color=&#8221;#ffffff&#8221; all_text_font_size=&#8221;1.2em&#8221; custom_margin=&#8221;||||false|false&#8221; custom_padding=&#8221;||||false|false&#8221; global_colors_info=&#8221;{}&#8221;][\/dipi_text_highlighter][et_pb_text _builder_version=&#8221;4.19.1&#8243; _module_preset=&#8221;default&#8221; global_colors_info=&#8221;{}&#8221;]<\/p>\n<p>Rob McKenzie, President and CEO, brings over 35 years of business management experience in the consumer packaged goods industry. Starting his career in marketing and sales, he progressively transitioned into general management roles. He has built a reputation as a turnaround specialist, with his proven ability to restore financial health and revitalize organizational culture in multiple firms.  <\/p>\n<p>Rob has a natural talent for aligning a company&#8217;s economic and human priorities, ensuring that the two pillars support rather than contradict each other. His management skills and personal qualities make him a leader who inspires his colleagues to become better managers and better people. <\/p>\n<p>[\/et_pb_text][\/et_pb_column][et_pb_column type=&#8221;2_5&#8243; _builder_version=&#8221;4.19.1&#8243; _module_preset=&#8221;default&#8221; global_colors_info=&#8221;{}&#8221;][dipi_floating_multi_images fmi_height_tablet=&#8221;&#8221; fmi_height_phone=&#8221;260px&#8221; fmi_height_last_edited=&#8221;on|phone&#8221; _builder_version=&#8221;4.27.0&#8243; _module_preset=&#8221;default&#8221; width=&#8221;80%&#8221; module_alignment=&#8221;center&#8221; animation_style=&#8221;fade&#8221; global_colors_info=&#8221;{}&#8221;][dipi_floating_multi_images_child img_src=&#8221;https:\/\/clarkcordonbleu.ca\/wp-content\/uploads\/2023\/02\/rob-mckenzie-president.jpg&#8221; img_alt=&#8221;Rob McKenzie President and Chief Executive Officer&#8221; _builder_version=&#8221;4.19.1&#8243; _module_preset=&#8221;default&#8221; border_radii_item=&#8221;on|100%|100%|100%|100%&#8221; global_colors_info=&#8221;{}&#8221;][\/dipi_floating_multi_images_child][\/dipi_floating_multi_images][\/et_pb_column][\/et_pb_row][\/et_pb_section][et_pb_section fb_built=&#8221;1&#8243; custom_padding_last_edited=&#8221;on|tablet&#8221; _builder_version=&#8221;4.19.1&#8243; _module_preset=&#8221;default&#8221; background_color=&#8221;#ffffff&#8221; custom_padding=&#8221;5%||5%||false|false&#8221; custom_padding_tablet=&#8221;5%||5%||false|false&#8221; custom_padding_phone=&#8221;0%||||false|false&#8221; global_colors_info=&#8221;{}&#8221;][et_pb_row column_structure=&#8221;2_5,3_5&#8243; _builder_version=&#8221;4.27.0&#8243; _module_preset=&#8221;default&#8221; max_width=&#8221;80%&#8221; global_colors_info=&#8221;{}&#8221; custom_css_main_element_last_edited=&#8221;on|tablet&#8221; custom_css_main_element_tablet=&#8221;display:flex;||flex-direction:column-reverse&#8221; custom_css_main_element_phone=&#8221;display:flex;||flex-direction:column-reverse&#8221;][et_pb_column type=&#8221;2_5&#8243; _builder_version=&#8221;4.19.1&#8243; _module_preset=&#8221;default&#8221; global_colors_info=&#8221;{}&#8221;][dipi_floating_multi_images fmi_height_tablet=&#8221;&#8221; fmi_height_phone=&#8221;180px&#8221; fmi_height_last_edited=&#8221;on|phone&#8221; _builder_version=&#8221;4.27.0&#8243; _module_preset=&#8221;default&#8221; width=&#8221;80%&#8221; module_alignment=&#8221;center&#8221; animation_style=&#8221;fade&#8221; global_colors_info=&#8221;{}&#8221;][dipi_floating_multi_images_child img_src=&#8221;https:\/\/clarkcordonbleu.ca\/wp-content\/uploads\/2023\/02\/patricia-st-aubin-directrice-marketing.jpg&#8221; img_alt=&#8221;Patricia St-Aubin Cordon Bleu Executives&#8221; _builder_version=&#8221;4.19.1&#8243; _module_preset=&#8221;default&#8221; border_radii_item=&#8221;on|100%|100%|100%|100%&#8221; global_colors_info=&#8221;{}&#8221;][\/dipi_floating_multi_images_child][\/dipi_floating_multi_images][\/et_pb_column][et_pb_column type=&#8221;3_5&#8243; _builder_version=&#8221;4.19.1&#8243; _module_preset=&#8221;default&#8221; global_colors_info=&#8221;{}&#8221;][et_pb_text _builder_version=&#8221;4.19.1&#8243; _module_preset=&#8221;default&#8221; header_3_font=&#8221;||||||||&#8221; header_3_font_size=&#8221;3em&#8221; custom_margin=&#8221;||5px|||&#8221; global_colors_info=&#8221;{}&#8221;]<\/p>\n<h3>Patricia St-Aubin<\/h3>\n<p>[\/et_pb_text][dipi_text_highlighter text_highlighter_text=&#8221;Vice President, Sales and Marketing&#8221; highlight_shape=&#8221;strikethrough&#8221; text_direction=&#8221;inline&#8221; highlight_animation_repeat_mode=&#8221;definite&#8221; highlight_animation_repeat_counts=&#8221;1&#8243; stroke_color=&#8221;#029C92&#8243; stroke_width=&#8221;120px&#8221; highlight_line_cap=&#8221;square&#8221; _builder_version=&#8221;4.23.1&#8243; _module_preset=&#8221;default&#8221; all_text_font=&#8221;Montserrat||||||||&#8221; all_text_text_color=&#8221;#ffffff&#8221; all_text_font_size=&#8221;1.2em&#8221; custom_margin=&#8221;||||false|false&#8221; custom_padding=&#8221;||||false|false&#8221; global_colors_info=&#8221;{}&#8221;][\/dipi_text_highlighter][et_pb_text _builder_version=&#8221;4.27.0&#8243; _module_preset=&#8221;default&#8221; global_colors_info=&#8221;{}&#8221;]<\/p>\n<p>Patricia St-Aubin, Vice President &#8211; Sales and Marketing, has over 15 years of human resource management experience in both the food and pharmaceutical industries. Her firm belief in the power of positive energy shines through her highly contagious passion and joie de vivre, making her a powerful catalyst of cultural change within the company.<\/p>\n<p>Several years ago, Patricia decided to redirect her career, moving from human resource management to embrace new challenges in sales and marketing. She quickly ascended to her current position as Vice President of Sales and Marketing, where she has established a new vision for the future of the company and its brands.<\/p>\n<p>[\/et_pb_text][\/et_pb_column][\/et_pb_row][\/et_pb_section][et_pb_section fb_built=&#8221;1&#8243; custom_padding_last_edited=&#8221;on|tablet&#8221; _builder_version=&#8221;4.27.0&#8243; _module_preset=&#8221;default&#8221; background_color=&#8221;#ffffff&#8221; custom_margin=&#8221;||0px||false|false&#8221; custom_padding=&#8221;5%||8%||false|false&#8221; custom_padding_tablet=&#8221;5%||20%||false|false&#8221; custom_padding_phone=&#8221;||20%||false|false&#8221; bottom_divider_color=&#8221;#C11E3C&#8221; bottom_divider_height=&#8221;120px&#8221; hover_enabled=&#8221;0&#8243; global_colors_info=&#8221;{}&#8221; bottom_divider_style=&#8221;wave&#8221; sticky_enabled=&#8221;0&#8243;][et_pb_row column_structure=&#8221;3_5,2_5&#8243; _builder_version=&#8221;4.23.1&#8243; _module_preset=&#8221;default&#8221; max_width=&#8221;80%&#8221; global_colors_info=&#8221;{}&#8221;][et_pb_column type=&#8221;3_5&#8243; _builder_version=&#8221;4.19.1&#8243; _module_preset=&#8221;default&#8221; global_colors_info=&#8221;{}&#8221;][et_pb_text _builder_version=&#8221;4.19.1&#8243; _module_preset=&#8221;default&#8221; header_3_font=&#8221;||||||||&#8221; header_3_font_size=&#8221;3em&#8221; custom_margin=&#8221;||5px|||&#8221; global_colors_info=&#8221;{}&#8221;]<\/p>\n<h3>Alain Lacasse<\/h3>\n<p>[\/et_pb_text][dipi_text_highlighter text_highlighter_text=&#8221;Vice President, Operations&#8221; highlight_shape=&#8221;strikethrough&#8221; text_direction=&#8221;inline&#8221; highlight_animation_repeat_mode=&#8221;definite&#8221; highlight_animation_repeat_counts=&#8221;1&#8243; stroke_color=&#8221;#029C92&#8243; stroke_width=&#8221;120px&#8221; highlight_line_cap=&#8221;square&#8221; _builder_version=&#8221;4.27.0&#8243; _module_preset=&#8221;default&#8221; all_text_font=&#8221;Montserrat||||||||&#8221; all_text_text_color=&#8221;#ffffff&#8221; all_text_font_size=&#8221;1.2em&#8221; custom_margin=&#8221;||||false|false&#8221; custom_padding=&#8221;||||false|false&#8221; global_colors_info=&#8221;{}&#8221;][\/dipi_text_highlighter][et_pb_text _builder_version=&#8221;4.27.0&#8243; _module_preset=&#8221;default&#8221; custom_margin_tablet=&#8221;&#8221; custom_margin_phone=&#8221;||32px||false|false&#8221; custom_margin_last_edited=&#8221;on|phone&#8221; global_colors_info=&#8221;{}&#8221;]<\/p>\n<p>Engineer by trade, Alain Lacasse eng., Vice President &#8211; Operations, has 25 years of experience in operations management (production, maintenance, engineering), including more than 10 in the agri-food industry.<\/p>\n<p>Alain is known for his level-headed approach and ability to foster a collaborative environment, involving his team in problem-solving and decision-making. His unwavering commitment to achieving long-term, sustainable improvements in product quality, health and safety, and cost competitiveness sets him apart as a leader.<\/p>\n<p>[\/et_pb_text][\/et_pb_column][et_pb_column type=&#8221;2_5&#8243; _builder_version=&#8221;4.19.1&#8243; _module_preset=&#8221;default&#8221; global_colors_info=&#8221;{}&#8221;][dipi_floating_multi_images fmi_height_tablet=&#8221;&#8221; fmi_height_phone=&#8221;180px&#8221; fmi_height_last_edited=&#8221;on|phone&#8221; _builder_version=&#8221;4.27.0&#8243; _module_preset=&#8221;default&#8221; width=&#8221;80%&#8221; module_alignment=&#8221;center&#8221; animation_style=&#8221;fade&#8221; global_colors_info=&#8221;{}&#8221;][dipi_floating_multi_images_child img_src=&#8221;https:\/\/clarkcordonbleu.ca\/wp-content\/uploads\/2023\/02\/alain-lacasse-directeur-opEration.jpg&#8221; img_alt=&#8221;Alain Lacasse Cordon Bleu Executives &#8221; _builder_version=&#8221;4.19.1&#8243; _module_preset=&#8221;default&#8221; border_radii_item=&#8221;on|100%|100%|100%|100%&#8221; global_colors_info=&#8221;{}&#8221;][\/dipi_floating_multi_images_child][\/dipi_floating_multi_images][\/et_pb_column][\/et_pb_row][\/et_pb_section]<\/p>\n","protected":false},"excerpt":{"rendered":"<p>Our Executives &nbsp;Our Cordon Bleu management team is a source of pride, composed of approachable, competent executives who are experts in their field.Rob McKenzie<div class=\"et_pb_module dipi_text_highlighter dipi_text_highlighter_0\">\n\t\t\t\t\n\t\t\t\t\n\t\t\t\t\n\t\t\t\t\n\t\t\t\t\n\t\t\t\t\n\t\t\t\t<div class=\"et_pb_module_inner\">\n\t\t\t\t\t<h2 class=\"dipi-highlight-text-wrapper\" data-config=\"{&quot;animation_start&quot;:&quot;in_a_viewport&quot;,&quot;animation_start_viewport&quot;:&quot;75%&quot;,&quot;animation_delay&quot;:&quot;0ms&quot;,&quot;animation_duration&quot;:&quot;800ms&quot;,&quot;delay_after_animation&quot;:&quot;3000ms&quot;,&quot;repeat_mode&quot;:&quot;definite&quot;,&quot;count_mode&quot;:&quot;everytime_in_viewport&quot;,&quot;animation_repeat_counts&quot;:&quot;1&quot;,&quot;reverse_animation&quot;:&quot;off&quot;,&quot;id&quot;:&quot;dipi_text_highlighter_0_wrapper&quot;}\">\n\t\t\t\t\t<span class=\"dipi-text-highlight-wrapper {&quot;animation_start&quot;:&quot;in_a_viewport&quot;,&quot;animation_start_viewport&quot;:&quot;75%&quot;,&quot;animation_delay&quot;:&quot;0ms&quot;,&quot;animation_duration&quot;:&quot;800ms&quot;,&quot;delay_after_animation&quot;:&quot;3000ms&quot;,&quot;repeat_mode&quot;:&quot;definite&quot;,&quot;count_mode&quot;:&quot;everytime_in_viewport&quot;,&quot;animation_repeat_counts&quot;:&quot;1&quot;,&quot;reverse_animation&quot;:&quot;off&quot;,&quot;id&quot;:&quot;dipi_text_highlighter_0_wrapper&quot;}\"><span class=\"dipi-text-highlight-text dipi-text-highlight-text\">President and Chief Executive Officer<\/span><span class=\"dipi-text-highlight-svg\"><svg xmlns=\"http:\/\/www.w3.org\/2000\/svg\" viewBox=\"0 0 500 150\" preserveAspectRatio=\"none\"><path d=\"M3,75h493.5\"><\/path><\/svg><\/span><\/span>\n\t\t\t<\/h2>\n\t\t\t\t<\/div>\n\t\t\t<\/div>Rob McKenzie, President and CEO, brings over 35 years of business management [&hellip;]<\/p>\n","protected":false},"author":2,"featured_media":22990896,"parent":0,"menu_order":0,"comment_status":"closed","ping_status":"closed","template":"","meta":{"_acf_changed":false,"_et_pb_use_builder":"on","_et_pb_old_content":"","_et_gb_content_width":"","inline_featured_image":false,"footnotes":""},"dipi_cpt_category":[],"class_list":["post-22992541","page","type-page","status-publish","has-post-thumbnail","hentry"],"acf":[],"yoast_head":"<!-- This site is optimized with the Yoast SEO Premium plugin v25.9 (Yoast SEO v26.4) - https:\/\/yoast.com\/wordpress\/plugins\/seo\/ -->\n<title>Our Executives Cordon Bleu &#8226; Our management team<\/title>\n<meta name=\"description\" content=\"Meet the Cordon Bleu leaders: human, accessible, competent managers who are experts in their industry.\" \/>\n<meta name=\"robots\" content=\"index, follow, max-snippet:-1, max-image-preview:large, max-video-preview:-1\" \/>\n<link rel=\"canonical\" href=\"https:\/\/clarkcordonbleu.ca\/en\/our-executives\/\" \/>\n<meta property=\"og:locale\" content=\"en_US\" \/>\n<meta property=\"og:type\" content=\"article\" \/>\n<meta property=\"og:title\" content=\"Our Executives\" \/>\n<meta property=\"og:description\" content=\"Meet the Cordon Bleu leaders: human, accessible, competent managers who are experts in their industry.\" \/>\n<meta property=\"og:url\" content=\"https:\/\/clarkcordonbleu.ca\/en\/our-executives\/\" \/>\n<meta property=\"og:site_name\" content=\"Cordon Bleu\" \/>\n<meta property=\"article:publisher\" content=\"https:\/\/www.facebook.com\/alimentscordonbleu\" \/>\n<meta property=\"article:modified_time\" content=\"2025-06-30T16:39:56+00:00\" \/>\n<meta property=\"og:image\" content=\"https:\/\/clarkcordonbleu.ca\/wp-content\/uploads\/2023\/02\/Tous-les-directeurs-de-Cordon-Bleu.jpg\" \/>\n\t<meta property=\"og:image:width\" content=\"1080\" \/>\n\t<meta property=\"og:image:height\" content=\"721\" \/>\n\t<meta property=\"og:image:type\" content=\"image\/jpeg\" \/>\n<meta name=\"twitter:card\" content=\"summary_large_image\" \/>\n<meta name=\"twitter:label1\" content=\"Est. reading time\" \/>\n\t<meta name=\"twitter:data1\" content=\"4 minutes\" \/>\n<script type=\"application\/ld+json\" class=\"yoast-schema-graph\">{\"@context\":\"https:\/\/schema.org\",\"@graph\":[{\"@type\":\"WebPage\",\"@id\":\"https:\/\/clarkcordonbleu.ca\/en\/our-executives\/\",\"url\":\"https:\/\/clarkcordonbleu.ca\/en\/our-executives\/\",\"name\":\"Our Executives Cordon Bleu &#8226; Our management team\",\"isPartOf\":{\"@id\":\"https:\/\/clarkcordonbleu.ca\/en\/#website\"},\"primaryImageOfPage\":{\"@id\":\"https:\/\/clarkcordonbleu.ca\/en\/our-executives\/#primaryimage\"},\"image\":{\"@id\":\"https:\/\/clarkcordonbleu.ca\/en\/our-executives\/#primaryimage\"},\"thumbnailUrl\":\"https:\/\/clarkcordonbleu.ca\/wp-content\/uploads\/2023\/02\/Tous-les-directeurs-de-Cordon-Bleu.jpg\",\"datePublished\":\"2023-01-20T15:09:51+00:00\",\"dateModified\":\"2025-06-30T16:39:56+00:00\",\"description\":\"Meet the Cordon Bleu leaders: human, accessible, competent managers who are experts in their industry.\",\"breadcrumb\":{\"@id\":\"https:\/\/clarkcordonbleu.ca\/en\/our-executives\/#breadcrumb\"},\"inLanguage\":\"en-US\",\"potentialAction\":[{\"@type\":\"ReadAction\",\"target\":[\"https:\/\/clarkcordonbleu.ca\/en\/our-executives\/\"]}]},{\"@type\":\"ImageObject\",\"inLanguage\":\"en-US\",\"@id\":\"https:\/\/clarkcordonbleu.ca\/en\/our-executives\/#primaryimage\",\"url\":\"https:\/\/clarkcordonbleu.ca\/wp-content\/uploads\/2023\/02\/Tous-les-directeurs-de-Cordon-Bleu.jpg\",\"contentUrl\":\"https:\/\/clarkcordonbleu.ca\/wp-content\/uploads\/2023\/02\/Tous-les-directeurs-de-Cordon-Bleu.jpg\",\"width\":1080,\"height\":721},{\"@type\":\"BreadcrumbList\",\"@id\":\"https:\/\/clarkcordonbleu.ca\/en\/our-executives\/#breadcrumb\",\"itemListElement\":[{\"@type\":\"ListItem\",\"position\":1,\"name\":\"Home\",\"item\":\"https:\/\/clarkcordonbleu.ca\/en\/\"},{\"@type\":\"ListItem\",\"position\":2,\"name\":\"Our Executives\"}]},{\"@type\":\"WebSite\",\"@id\":\"https:\/\/clarkcordonbleu.ca\/en\/#website\",\"url\":\"https:\/\/clarkcordonbleu.ca\/en\/\",\"name\":\"Cordon Bleu\",\"description\":\"Depuis 1933, entreprise de transformation alimentaire fi\u00e8rement qu\u00e9b\u00e9coise\",\"publisher\":{\"@id\":\"https:\/\/clarkcordonbleu.ca\/en\/#organization\"},\"alternateName\":\"Aliments Ouimet \u2013 Cordon Bleu\",\"potentialAction\":[{\"@type\":\"SearchAction\",\"target\":{\"@type\":\"EntryPoint\",\"urlTemplate\":\"https:\/\/clarkcordonbleu.ca\/en\/?s={search_term_string}\"},\"query-input\":{\"@type\":\"PropertyValueSpecification\",\"valueRequired\":true,\"valueName\":\"search_term_string\"}}],\"inLanguage\":\"en-US\"},{\"@type\":\"Organization\",\"@id\":\"https:\/\/clarkcordonbleu.ca\/en\/#organization\",\"name\":\"Cordon Bleu\",\"alternateName\":\"Aliments Ouimet \u2013 Cordon Bleu\",\"url\":\"https:\/\/clarkcordonbleu.ca\/en\/\",\"logo\":{\"@type\":\"ImageObject\",\"inLanguage\":\"en-US\",\"@id\":\"https:\/\/clarkcordonbleu.ca\/en\/#\/schema\/logo\/image\/\",\"url\":\"https:\/\/clarkcordonbleu.ca\/wp-content\/uploads\/2023\/02\/logo-cordon-bleu-696x696-1.jpg\",\"contentUrl\":\"https:\/\/clarkcordonbleu.ca\/wp-content\/uploads\/2023\/02\/logo-cordon-bleu-696x696-1.jpg\",\"width\":696,\"height\":696,\"caption\":\"Cordon Bleu\"},\"image\":{\"@id\":\"https:\/\/clarkcordonbleu.ca\/en\/#\/schema\/logo\/image\/\"},\"sameAs\":[\"https:\/\/www.facebook.com\/alimentscordonbleu\",\"https:\/\/fr.linkedin.com\/company\/devienscordonbleu\",\"https:\/\/www.instagram.com\/cordonbleu.aocb\/\"]}]}<\/script>\n<!-- \/ Yoast SEO Premium plugin. -->","yoast_head_json":{"title":"Our Executives Cordon Bleu &#8226; Our management team","description":"Meet the Cordon Bleu leaders: human, accessible, competent managers who are experts in their industry.","robots":{"index":"index","follow":"follow","max-snippet":"max-snippet:-1","max-image-preview":"max-image-preview:large","max-video-preview":"max-video-preview:-1"},"canonical":"https:\/\/clarkcordonbleu.ca\/en\/our-executives\/","og_locale":"en_US","og_type":"article","og_title":"Our Executives","og_description":"Meet the Cordon Bleu leaders: human, accessible, competent managers who are experts in their industry.","og_url":"https:\/\/clarkcordonbleu.ca\/en\/our-executives\/","og_site_name":"Cordon Bleu","article_publisher":"https:\/\/www.facebook.com\/alimentscordonbleu","article_modified_time":"2025-06-30T16:39:56+00:00","og_image":[{"width":1080,"height":721,"url":"https:\/\/clarkcordonbleu.ca\/wp-content\/uploads\/2023\/02\/Tous-les-directeurs-de-Cordon-Bleu.jpg","type":"image\/jpeg"}],"twitter_card":"summary_large_image","twitter_misc":{"Est. reading time":"4 minutes"},"schema":{"@context":"https:\/\/schema.org","@graph":[{"@type":"WebPage","@id":"https:\/\/clarkcordonbleu.ca\/en\/our-executives\/","url":"https:\/\/clarkcordonbleu.ca\/en\/our-executives\/","name":"Our Executives Cordon Bleu &#8226; Our management team","isPartOf":{"@id":"https:\/\/clarkcordonbleu.ca\/en\/#website"},"primaryImageOfPage":{"@id":"https:\/\/clarkcordonbleu.ca\/en\/our-executives\/#primaryimage"},"image":{"@id":"https:\/\/clarkcordonbleu.ca\/en\/our-executives\/#primaryimage"},"thumbnailUrl":"https:\/\/clarkcordonbleu.ca\/wp-content\/uploads\/2023\/02\/Tous-les-directeurs-de-Cordon-Bleu.jpg","datePublished":"2023-01-20T15:09:51+00:00","dateModified":"2025-06-30T16:39:56+00:00","description":"Meet the Cordon Bleu leaders: human, accessible, competent managers who are experts in their industry.","breadcrumb":{"@id":"https:\/\/clarkcordonbleu.ca\/en\/our-executives\/#breadcrumb"},"inLanguage":"en-US","potentialAction":[{"@type":"ReadAction","target":["https:\/\/clarkcordonbleu.ca\/en\/our-executives\/"]}]},{"@type":"ImageObject","inLanguage":"en-US","@id":"https:\/\/clarkcordonbleu.ca\/en\/our-executives\/#primaryimage","url":"https:\/\/clarkcordonbleu.ca\/wp-content\/uploads\/2023\/02\/Tous-les-directeurs-de-Cordon-Bleu.jpg","contentUrl":"https:\/\/clarkcordonbleu.ca\/wp-content\/uploads\/2023\/02\/Tous-les-directeurs-de-Cordon-Bleu.jpg","width":1080,"height":721},{"@type":"BreadcrumbList","@id":"https:\/\/clarkcordonbleu.ca\/en\/our-executives\/#breadcrumb","itemListElement":[{"@type":"ListItem","position":1,"name":"Home","item":"https:\/\/clarkcordonbleu.ca\/en\/"},{"@type":"ListItem","position":2,"name":"Our Executives"}]},{"@type":"WebSite","@id":"https:\/\/clarkcordonbleu.ca\/en\/#website","url":"https:\/\/clarkcordonbleu.ca\/en\/","name":"Cordon Bleu","description":"Depuis 1933, entreprise de transformation alimentaire fi\u00e8rement qu\u00e9b\u00e9coise","publisher":{"@id":"https:\/\/clarkcordonbleu.ca\/en\/#organization"},"alternateName":"Aliments Ouimet \u2013 Cordon Bleu","potentialAction":[{"@type":"SearchAction","target":{"@type":"EntryPoint","urlTemplate":"https:\/\/clarkcordonbleu.ca\/en\/?s={search_term_string}"},"query-input":{"@type":"PropertyValueSpecification","valueRequired":true,"valueName":"search_term_string"}}],"inLanguage":"en-US"},{"@type":"Organization","@id":"https:\/\/clarkcordonbleu.ca\/en\/#organization","name":"Cordon Bleu","alternateName":"Aliments Ouimet \u2013 Cordon Bleu","url":"https:\/\/clarkcordonbleu.ca\/en\/","logo":{"@type":"ImageObject","inLanguage":"en-US","@id":"https:\/\/clarkcordonbleu.ca\/en\/#\/schema\/logo\/image\/","url":"https:\/\/clarkcordonbleu.ca\/wp-content\/uploads\/2023\/02\/logo-cordon-bleu-696x696-1.jpg","contentUrl":"https:\/\/clarkcordonbleu.ca\/wp-content\/uploads\/2023\/02\/logo-cordon-bleu-696x696-1.jpg","width":696,"height":696,"caption":"Cordon Bleu"},"image":{"@id":"https:\/\/clarkcordonbleu.ca\/en\/#\/schema\/logo\/image\/"},"sameAs":["https:\/\/www.facebook.com\/alimentscordonbleu","https:\/\/fr.linkedin.com\/company\/devienscordonbleu","https:\/\/www.instagram.com\/cordonbleu.aocb\/"]}]}},"_links":{"self":[{"href":"https:\/\/clarkcordonbleu.ca\/en\/wp-json\/wp\/v2\/pages\/22992541","targetHints":{"allow":["GET"]}}],"collection":[{"href":"https:\/\/clarkcordonbleu.ca\/en\/wp-json\/wp\/v2\/pages"}],"about":[{"href":"https:\/\/clarkcordonbleu.ca\/en\/wp-json\/wp\/v2\/types\/page"}],"author":[{"embeddable":true,"href":"https:\/\/clarkcordonbleu.ca\/en\/wp-json\/wp\/v2\/users\/2"}],"replies":[{"embeddable":true,"href":"https:\/\/clarkcordonbleu.ca\/en\/wp-json\/wp\/v2\/comments?post=22992541"}],"version-history":[{"count":9,"href":"https:\/\/clarkcordonbleu.ca\/en\/wp-json\/wp\/v2\/pages\/22992541\/revisions"}],"predecessor-version":[{"id":22993153,"href":"https:\/\/clarkcordonbleu.ca\/en\/wp-json\/wp\/v2\/pages\/22992541\/revisions\/22993153"}],"wp:featuredmedia":[{"embeddable":true,"href":"https:\/\/clarkcordonbleu.ca\/en\/wp-json\/wp\/v2\/media\/22990896"}],"wp:attachment":[{"href":"https:\/\/clarkcordonbleu.ca\/en\/wp-json\/wp\/v2\/media?parent=22992541"}],"wp:term":[{"taxonomy":"dipi_cpt_category","embeddable":true,"href":"https:\/\/clarkcordonbleu.ca\/en\/wp-json\/wp\/v2\/dipi_cpt_category?post=22992541"}],"curies":[{"name":"wp","href":"https:\/\/api.w.org\/{rel}","templated":true}]}}