{"id":22992550,"date":"2023-03-01T11:07:01","date_gmt":"2023-03-01T16:07:01","guid":{"rendered":"https:\/\/clarkcordonbleu.ca\/?page_id=22992550"},"modified":"2024-11-13T11:58:07","modified_gmt":"2024-11-13T16:58:07","slug":"our-american-brands","status":"publish","type":"page","link":"https:\/\/clarkcordonbleu.ca\/en\/our-american-brands\/","title":{"rendered":"Our American Brands"},"content":{"rendered":"<p>[et_pb_section fb_built=&#8221;1&#8243; custom_padding_last_edited=&#8221;on|phone&#8221; _builder_version=&#8221;4.19.1&#8243; _module_preset=&#8221;default&#8221; background_color=&#8221;#C11E3C&#8221; custom_padding=&#8221;7%||7%||true|false&#8221; custom_padding_tablet=&#8221;||15%||false|false&#8221; custom_padding_phone=&#8221;7%||20%||false|false&#8221; bottom_divider_style=&#8221;wave&#8221; bottom_divider_color=&#8221;#FFFFFF&#8221; bottom_divider_height=&#8221;120px&#8221; bottom_divider_flip=&#8221;horizontal&#8221; global_colors_info=&#8221;{}&#8221;][et_pb_row _builder_version=&#8221;4.19.1&#8243; _module_preset=&#8221;default&#8221; custom_padding=&#8221;||4%||false|false&#8221; global_colors_info=&#8221;{}&#8221;][et_pb_column type=&#8221;4_4&#8243; _builder_version=&#8221;4.19.1&#8243; _module_preset=&#8221;default&#8221; global_colors_info=&#8221;{}&#8221;][et_pb_text _builder_version=&#8221;4.19.1&#8243; _module_preset=&#8221;default&#8221; header_font=&#8221;N_Hiraling||||||||&#8221; header_text_color=&#8221;#FFFFFF&#8221; header_font_size=&#8221;4.3em&#8221; header_font_size_tablet=&#8221;3em&#8221; header_font_size_phone=&#8221;3em&#8221; header_font_size_last_edited=&#8221;on|phone&#8221; global_colors_info=&#8221;{}&#8221;]<\/p>\n<h1>Our American Brand<\/h1>\n<p>[\/et_pb_text][\/et_pb_column][\/et_pb_row][\/et_pb_section][et_pb_section fb_built=&#8221;1&#8243; module_id=&#8221;american-brand&#8221; _builder_version=&#8221;4.19.1&#8243; _module_preset=&#8221;default&#8221; global_colors_info=&#8221;{}&#8221;][et_pb_row column_structure=&#8221;1_2,1_2&#8243; _builder_version=&#8221;4.19.1&#8243; _module_preset=&#8221;default&#8221; global_colors_info=&#8221;{}&#8221;][et_pb_column type=&#8221;1_2&#8243; _builder_version=&#8221;4.19.1&#8243; _module_preset=&#8221;default&#8221; global_colors_info=&#8221;{}&#8221;][et_pb_text _builder_version=&#8221;4.19.1&#8243; _module_preset=&#8221;default&#8221; header_2_text_color=&#8221;#000000&#8243; header_3_text_color=&#8221;#000000&#8243; header_3_font_size=&#8221;2.5em&#8221; global_colors_info=&#8221;{}&#8221;]<\/p>\n<h2>Our American Brand<\/h2>\n<p>The Clark Foods division was created to expand our product distribution in the U.S. With an unwavering focus on quality, our team has diligently developed new product lines under the Clark brand. These new recipes, tailored to the American palate, are proving to be a resounding success!<\/p>\n<p>[\/et_pb_text][\/et_pb_column][et_pb_column type=&#8221;1_2&#8243; _builder_version=&#8221;4.19.1&#8243; _module_preset=&#8221;default&#8221; global_colors_info=&#8221;{}&#8221;][et_pb_image src=&#8221;https:\/\/clarkcordonbleu.ca\/wp-content\/uploads\/2023\/08\/Clark-Foods-products-website-scaled.jpg&#8221; alt=&#8221;Clark foods cane products&#8221; title_text=&#8221;clark-foods-family-products&#8221; _builder_version=&#8221;4.21.0&#8243; _module_preset=&#8221;default&#8221; global_colors_info=&#8221;{}&#8221;][\/et_pb_image][\/et_pb_column][\/et_pb_row][\/et_pb_section][et_pb_section fb_built=&#8221;1&#8243; module_id=&#8221;clark-us&#8221; _builder_version=&#8221;4.19.1&#8243; _module_preset=&#8221;default&#8221; background_color=&#8221;#FFFFFF&#8221; custom_margin=&#8221;0px||0px||false|false&#8221; custom_padding=&#8221;5%||20%||false|false&#8221; bottom_divider_style=&#8221;wave&#8221; bottom_divider_color=&#8221;#C11E3C&#8221; bottom_divider_height=&#8221;120px&#8221; bottom_divider_arrangement=&#8221;above_content&#8221; global_colors_info=&#8221;{}&#8221;][et_pb_row column_structure=&#8221;1_2,1_2&#8243; use_custom_gutter=&#8221;on&#8221; gutter_width=&#8221;1&#8243; make_equal=&#8221;on&#8221; custom_padding_last_edited=&#8221;on|phone&#8221; _builder_version=&#8221;4.27.0&#8243; _module_preset=&#8221;default&#8221; width=&#8221;100%&#8221; max_width=&#8221;100%&#8221; custom_margin=&#8221;0px||0px||false|false&#8221; custom_padding=&#8221;0px||0px||false|false&#8221; custom_padding_tablet=&#8221;0px||0px||false|false&#8221; custom_padding_phone=&#8221;0px||5%||false|false&#8221; global_colors_info=&#8221;{}&#8221;][et_pb_column type=&#8221;1_2&#8243; _builder_version=&#8221;4.19.1&#8243; _module_preset=&#8221;default&#8221; background_color=&#8221;#FFFFFF&#8221; global_colors_info=&#8221;{}&#8221;][et_pb_image src=&#8221;https:\/\/clarkcordonbleu.ca\/wp-content\/uploads\/2023\/08\/clark-foods-products-1.jpg&#8221; alt=&#8221;Clark Foods U.S. Division Canned Foods&#8221; title_text=&#8221;clark-foods-products&#8221; _builder_version=&#8221;4.27.0&#8243; _module_preset=&#8221;default&#8221; custom_margin=&#8221;||||false|false&#8221; custom_margin_tablet=&#8221;|0vw|32px||false|false&#8221; custom_margin_phone=&#8221;|0vw|54px||false|false&#8221; custom_margin_last_edited=&#8221;on|phone&#8221; hover_enabled=&#8221;0&#8243; border_radii=&#8221;off||||&#8221; global_colors_info=&#8221;{}&#8221; sticky_enabled=&#8221;0&#8243;][\/et_pb_image][\/et_pb_column][et_pb_column type=&#8221;1_2&#8243; _builder_version=&#8221;4.19.1&#8243; _module_preset=&#8221;default&#8221; background_color=&#8221;#F6F6F6&#8243; custom_padding=&#8221;5%|10%|5%|10%|true|true&#8221; global_colors_info=&#8221;{}&#8221;][et_pb_text _builder_version=&#8221;4.19.1&#8243; _module_preset=&#8221;default&#8221; header_2_text_color=&#8221;#FFFFFF&#8221; header_3_text_color=&#8221;#000000&#8243; header_3_font_size=&#8221;2.5em&#8221; global_colors_info=&#8221;{}&#8221;]<\/p>\n<h3>Clark Foods; Taking the American Market by Flavour!<\/h3>\n<p>[\/et_pb_text][et_pb_text _builder_version=&#8221;4.19.1&#8243; _module_preset=&#8221;default&#8221; text_text_color=&#8221;#000000&#8243; custom_margin=&#8221;||||false|false&#8221; custom_padding=&#8221;5%||5%||true|false&#8221; global_colors_info=&#8221;{}&#8221;]<\/p>\n<p><span>With over 145 years of experience in Canada, we are proud to offer products that are the reflection of our unparalleled expertise.<\/span><br \/><span>Clark\u2019s high quality products for the American market aim to<\/span> <span>conquer<\/span><span> consumers<\/span><span> with <\/span><span>original and delicious flavours.<\/span><\/p>\n<p>[\/et_pb_text][et_pb_button button_url=&#8221;https:\/\/clarkfoods.com\/&#8221; url_new_window=&#8221;on&#8221; button_text=&#8221;Discover Clark&#8221; button_alignment=&#8221;left&#8221; _builder_version=&#8221;4.19.1&#8243; custom_button=&#8221;on&#8221; button_text_size=&#8221;1em&#8221; button_bg_color=&#8221;#029C92&#8243; button_border_width=&#8221;0px&#8221; button_border_radius=&#8221;100px&#8221; button_letter_spacing=&#8221;1px&#8221; button_font=&#8221;|500|||||||&#8221; background_layout=&#8221;dark&#8221; custom_margin=&#8221;||||false|false&#8221; custom_padding=&#8221;10px|20px|10px|20px|true|true&#8221; button_text_size_tablet=&#8221;0.9em&#8221; button_text_size_phone=&#8221;0.9em&#8221; button_text_size_last_edited=&#8221;on|phone&#8221; locked=&#8221;off&#8221; global_colors_info=&#8221;{}&#8221; button_text_size__hover_enabled=&#8221;off&#8221; button_one_text_size__hover_enabled=&#8221;off&#8221; button_two_text_size__hover_enabled=&#8221;off&#8221; button_text_color__hover_enabled=&#8221;off&#8221; button_one_text_color__hover_enabled=&#8221;off&#8221; button_two_text_color__hover_enabled=&#8221;off&#8221; button_border_width__hover_enabled=&#8221;off&#8221; button_one_border_width__hover_enabled=&#8221;off&#8221; button_two_border_width__hover_enabled=&#8221;off&#8221; button_border_color__hover_enabled=&#8221;off&#8221; button_one_border_color__hover_enabled=&#8221;off&#8221; button_two_border_color__hover_enabled=&#8221;off&#8221; button_border_radius__hover_enabled=&#8221;off&#8221; button_one_border_radius__hover_enabled=&#8221;off&#8221; button_two_border_radius__hover_enabled=&#8221;off&#8221; button_letter_spacing__hover_enabled=&#8221;off&#8221; button_one_letter_spacing__hover_enabled=&#8221;off&#8221; button_two_letter_spacing__hover_enabled=&#8221;off&#8221; button_bg_color__hover_enabled=&#8221;on|desktop&#8221; button_one_bg_color__hover_enabled=&#8221;off&#8221; button_two_bg_color__hover_enabled=&#8221;off&#8221; button_bg_color__hover=&#8221;#0f525a&#8221; button_bg_enable_color__hover=&#8221;on&#8221;][\/et_pb_button][\/et_pb_column][\/et_pb_row][\/et_pb_section]<\/p>\n","protected":false},"excerpt":{"rendered":"<p>Our American BrandOur American Brand The Clark Foods division was created to expand our product distribution in the U.S. With an unwavering focus on quality, our team has diligently developed new product lines under the Clark brand. These new recipes, tailored to the American palate, are proving to be a resounding success!Clark Foods; Taking the [&hellip;]<\/p>\n","protected":false},"author":2,"featured_media":22990780,"parent":0,"menu_order":0,"comment_status":"closed","ping_status":"closed","template":"","meta":{"_acf_changed":false,"_et_pb_use_builder":"on","_et_pb_old_content":"","_et_gb_content_width":"","inline_featured_image":false,"footnotes":""},"dipi_cpt_category":[],"class_list":["post-22992550","page","type-page","status-publish","has-post-thumbnail","hentry"],"acf":[],"yoast_head":"<!-- This site is optimized with the Yoast SEO Premium plugin v25.9 (Yoast SEO v26.4) - https:\/\/yoast.com\/wordpress\/plugins\/seo\/ -->\n<title>Our American Brand &#8226; Cordon Bleu<\/title>\n<meta name=\"description\" content=\"Clark Foods was created with the vision of expanding and adapting Clarks products to meet the unique demands of the American market.\" \/>\n<meta name=\"robots\" content=\"index, follow, max-snippet:-1, max-image-preview:large, max-video-preview:-1\" \/>\n<link rel=\"canonical\" href=\"https:\/\/clarkcordonbleu.ca\/en\/our-american-brands\/\" \/>\n<meta property=\"og:locale\" content=\"en_US\" \/>\n<meta property=\"og:type\" content=\"article\" \/>\n<meta property=\"og:title\" content=\"Our American Brands\" \/>\n<meta property=\"og:description\" content=\"Clark Foods was created with the vision of expanding and adapting Clarks products to meet the unique demands of the American market.\" \/>\n<meta property=\"og:url\" content=\"https:\/\/clarkcordonbleu.ca\/en\/our-american-brands\/\" \/>\n<meta property=\"og:site_name\" content=\"Cordon Bleu\" \/>\n<meta property=\"article:publisher\" content=\"https:\/\/www.facebook.com\/alimentscordonbleu\" \/>\n<meta property=\"article:modified_time\" content=\"2024-11-13T16:58:07+00:00\" \/>\n<meta property=\"og:image\" content=\"https:\/\/clarkcordonbleu.ca\/wp-content\/uploads\/2023\/02\/famille-produit-clark-foods.jpg\" \/>\n\t<meta property=\"og:image:width\" content=\"1080\" \/>\n\t<meta property=\"og:image:height\" content=\"608\" \/>\n\t<meta property=\"og:image:type\" content=\"image\/jpeg\" \/>\n<meta name=\"twitter:card\" content=\"summary_large_image\" \/>\n<meta name=\"twitter:label1\" content=\"Est. reading time\" \/>\n\t<meta name=\"twitter:data1\" content=\"2 minutes\" \/>\n<script type=\"application\/ld+json\" class=\"yoast-schema-graph\">{\"@context\":\"https:\/\/schema.org\",\"@graph\":[{\"@type\":\"WebPage\",\"@id\":\"https:\/\/clarkcordonbleu.ca\/en\/our-american-brands\/\",\"url\":\"https:\/\/clarkcordonbleu.ca\/en\/our-american-brands\/\",\"name\":\"Our American Brand &#8226; Cordon Bleu\",\"isPartOf\":{\"@id\":\"https:\/\/clarkcordonbleu.ca\/en\/#website\"},\"primaryImageOfPage\":{\"@id\":\"https:\/\/clarkcordonbleu.ca\/en\/our-american-brands\/#primaryimage\"},\"image\":{\"@id\":\"https:\/\/clarkcordonbleu.ca\/en\/our-american-brands\/#primaryimage\"},\"thumbnailUrl\":\"https:\/\/clarkcordonbleu.ca\/wp-content\/uploads\/2023\/02\/famille-produit-clark-foods.jpg\",\"datePublished\":\"2023-03-01T16:07:01+00:00\",\"dateModified\":\"2024-11-13T16:58:07+00:00\",\"description\":\"Clark Foods was created with the vision of expanding and adapting Clarks products to meet the unique demands of the American market.\",\"breadcrumb\":{\"@id\":\"https:\/\/clarkcordonbleu.ca\/en\/our-american-brands\/#breadcrumb\"},\"inLanguage\":\"en-US\",\"potentialAction\":[{\"@type\":\"ReadAction\",\"target\":[\"https:\/\/clarkcordonbleu.ca\/en\/our-american-brands\/\"]}]},{\"@type\":\"ImageObject\",\"inLanguage\":\"en-US\",\"@id\":\"https:\/\/clarkcordonbleu.ca\/en\/our-american-brands\/#primaryimage\",\"url\":\"https:\/\/clarkcordonbleu.ca\/wp-content\/uploads\/2023\/02\/famille-produit-clark-foods.jpg\",\"contentUrl\":\"https:\/\/clarkcordonbleu.ca\/wp-content\/uploads\/2023\/02\/famille-produit-clark-foods.jpg\",\"width\":1080,\"height\":608},{\"@type\":\"BreadcrumbList\",\"@id\":\"https:\/\/clarkcordonbleu.ca\/en\/our-american-brands\/#breadcrumb\",\"itemListElement\":[{\"@type\":\"ListItem\",\"position\":1,\"name\":\"Home\",\"item\":\"https:\/\/clarkcordonbleu.ca\/en\/\"},{\"@type\":\"ListItem\",\"position\":2,\"name\":\"Our American Brands\"}]},{\"@type\":\"WebSite\",\"@id\":\"https:\/\/clarkcordonbleu.ca\/en\/#website\",\"url\":\"https:\/\/clarkcordonbleu.ca\/en\/\",\"name\":\"Cordon Bleu\",\"description\":\"Depuis 1933, entreprise de transformation alimentaire fi\u00e8rement qu\u00e9b\u00e9coise\",\"publisher\":{\"@id\":\"https:\/\/clarkcordonbleu.ca\/en\/#organization\"},\"alternateName\":\"Aliments Ouimet \u2013 Cordon Bleu\",\"potentialAction\":[{\"@type\":\"SearchAction\",\"target\":{\"@type\":\"EntryPoint\",\"urlTemplate\":\"https:\/\/clarkcordonbleu.ca\/en\/?s={search_term_string}\"},\"query-input\":{\"@type\":\"PropertyValueSpecification\",\"valueRequired\":true,\"valueName\":\"search_term_string\"}}],\"inLanguage\":\"en-US\"},{\"@type\":\"Organization\",\"@id\":\"https:\/\/clarkcordonbleu.ca\/en\/#organization\",\"name\":\"Cordon Bleu\",\"alternateName\":\"Aliments Ouimet \u2013 Cordon Bleu\",\"url\":\"https:\/\/clarkcordonbleu.ca\/en\/\",\"logo\":{\"@type\":\"ImageObject\",\"inLanguage\":\"en-US\",\"@id\":\"https:\/\/clarkcordonbleu.ca\/en\/#\/schema\/logo\/image\/\",\"url\":\"https:\/\/clarkcordonbleu.ca\/wp-content\/uploads\/2023\/02\/logo-cordon-bleu-696x696-1.jpg\",\"contentUrl\":\"https:\/\/clarkcordonbleu.ca\/wp-content\/uploads\/2023\/02\/logo-cordon-bleu-696x696-1.jpg\",\"width\":696,\"height\":696,\"caption\":\"Cordon Bleu\"},\"image\":{\"@id\":\"https:\/\/clarkcordonbleu.ca\/en\/#\/schema\/logo\/image\/\"},\"sameAs\":[\"https:\/\/www.facebook.com\/alimentscordonbleu\",\"https:\/\/fr.linkedin.com\/company\/devienscordonbleu\",\"https:\/\/www.instagram.com\/cordonbleu.aocb\/\"]}]}<\/script>\n<!-- \/ Yoast SEO Premium plugin. -->","yoast_head_json":{"title":"Our American Brand &#8226; Cordon Bleu","description":"Clark Foods was created with the vision of expanding and adapting Clarks products to meet the unique demands of the American market.","robots":{"index":"index","follow":"follow","max-snippet":"max-snippet:-1","max-image-preview":"max-image-preview:large","max-video-preview":"max-video-preview:-1"},"canonical":"https:\/\/clarkcordonbleu.ca\/en\/our-american-brands\/","og_locale":"en_US","og_type":"article","og_title":"Our American Brands","og_description":"Clark Foods was created with the vision of expanding and adapting Clarks products to meet the unique demands of the American market.","og_url":"https:\/\/clarkcordonbleu.ca\/en\/our-american-brands\/","og_site_name":"Cordon Bleu","article_publisher":"https:\/\/www.facebook.com\/alimentscordonbleu","article_modified_time":"2024-11-13T16:58:07+00:00","og_image":[{"width":1080,"height":608,"url":"https:\/\/clarkcordonbleu.ca\/wp-content\/uploads\/2023\/02\/famille-produit-clark-foods.jpg","type":"image\/jpeg"}],"twitter_card":"summary_large_image","twitter_misc":{"Est. reading time":"2 minutes"},"schema":{"@context":"https:\/\/schema.org","@graph":[{"@type":"WebPage","@id":"https:\/\/clarkcordonbleu.ca\/en\/our-american-brands\/","url":"https:\/\/clarkcordonbleu.ca\/en\/our-american-brands\/","name":"Our American Brand &#8226; Cordon Bleu","isPartOf":{"@id":"https:\/\/clarkcordonbleu.ca\/en\/#website"},"primaryImageOfPage":{"@id":"https:\/\/clarkcordonbleu.ca\/en\/our-american-brands\/#primaryimage"},"image":{"@id":"https:\/\/clarkcordonbleu.ca\/en\/our-american-brands\/#primaryimage"},"thumbnailUrl":"https:\/\/clarkcordonbleu.ca\/wp-content\/uploads\/2023\/02\/famille-produit-clark-foods.jpg","datePublished":"2023-03-01T16:07:01+00:00","dateModified":"2024-11-13T16:58:07+00:00","description":"Clark Foods was created with the vision of expanding and adapting Clarks products to meet the unique demands of the American market.","breadcrumb":{"@id":"https:\/\/clarkcordonbleu.ca\/en\/our-american-brands\/#breadcrumb"},"inLanguage":"en-US","potentialAction":[{"@type":"ReadAction","target":["https:\/\/clarkcordonbleu.ca\/en\/our-american-brands\/"]}]},{"@type":"ImageObject","inLanguage":"en-US","@id":"https:\/\/clarkcordonbleu.ca\/en\/our-american-brands\/#primaryimage","url":"https:\/\/clarkcordonbleu.ca\/wp-content\/uploads\/2023\/02\/famille-produit-clark-foods.jpg","contentUrl":"https:\/\/clarkcordonbleu.ca\/wp-content\/uploads\/2023\/02\/famille-produit-clark-foods.jpg","width":1080,"height":608},{"@type":"BreadcrumbList","@id":"https:\/\/clarkcordonbleu.ca\/en\/our-american-brands\/#breadcrumb","itemListElement":[{"@type":"ListItem","position":1,"name":"Home","item":"https:\/\/clarkcordonbleu.ca\/en\/"},{"@type":"ListItem","position":2,"name":"Our American Brands"}]},{"@type":"WebSite","@id":"https:\/\/clarkcordonbleu.ca\/en\/#website","url":"https:\/\/clarkcordonbleu.ca\/en\/","name":"Cordon Bleu","description":"Depuis 1933, entreprise de transformation alimentaire fi\u00e8rement qu\u00e9b\u00e9coise","publisher":{"@id":"https:\/\/clarkcordonbleu.ca\/en\/#organization"},"alternateName":"Aliments Ouimet \u2013 Cordon Bleu","potentialAction":[{"@type":"SearchAction","target":{"@type":"EntryPoint","urlTemplate":"https:\/\/clarkcordonbleu.ca\/en\/?s={search_term_string}"},"query-input":{"@type":"PropertyValueSpecification","valueRequired":true,"valueName":"search_term_string"}}],"inLanguage":"en-US"},{"@type":"Organization","@id":"https:\/\/clarkcordonbleu.ca\/en\/#organization","name":"Cordon Bleu","alternateName":"Aliments Ouimet \u2013 Cordon Bleu","url":"https:\/\/clarkcordonbleu.ca\/en\/","logo":{"@type":"ImageObject","inLanguage":"en-US","@id":"https:\/\/clarkcordonbleu.ca\/en\/#\/schema\/logo\/image\/","url":"https:\/\/clarkcordonbleu.ca\/wp-content\/uploads\/2023\/02\/logo-cordon-bleu-696x696-1.jpg","contentUrl":"https:\/\/clarkcordonbleu.ca\/wp-content\/uploads\/2023\/02\/logo-cordon-bleu-696x696-1.jpg","width":696,"height":696,"caption":"Cordon Bleu"},"image":{"@id":"https:\/\/clarkcordonbleu.ca\/en\/#\/schema\/logo\/image\/"},"sameAs":["https:\/\/www.facebook.com\/alimentscordonbleu","https:\/\/fr.linkedin.com\/company\/devienscordonbleu","https:\/\/www.instagram.com\/cordonbleu.aocb\/"]}]}},"_links":{"self":[{"href":"https:\/\/clarkcordonbleu.ca\/en\/wp-json\/wp\/v2\/pages\/22992550","targetHints":{"allow":["GET"]}}],"collection":[{"href":"https:\/\/clarkcordonbleu.ca\/en\/wp-json\/wp\/v2\/pages"}],"about":[{"href":"https:\/\/clarkcordonbleu.ca\/en\/wp-json\/wp\/v2\/types\/page"}],"author":[{"embeddable":true,"href":"https:\/\/clarkcordonbleu.ca\/en\/wp-json\/wp\/v2\/users\/2"}],"replies":[{"embeddable":true,"href":"https:\/\/clarkcordonbleu.ca\/en\/wp-json\/wp\/v2\/comments?post=22992550"}],"version-history":[{"count":5,"href":"https:\/\/clarkcordonbleu.ca\/en\/wp-json\/wp\/v2\/pages\/22992550\/revisions"}],"predecessor-version":[{"id":22992902,"href":"https:\/\/clarkcordonbleu.ca\/en\/wp-json\/wp\/v2\/pages\/22992550\/revisions\/22992902"}],"wp:featuredmedia":[{"embeddable":true,"href":"https:\/\/clarkcordonbleu.ca\/en\/wp-json\/wp\/v2\/media\/22990780"}],"wp:attachment":[{"href":"https:\/\/clarkcordonbleu.ca\/en\/wp-json\/wp\/v2\/media?parent=22992550"}],"wp:term":[{"taxonomy":"dipi_cpt_category","embeddable":true,"href":"https:\/\/clarkcordonbleu.ca\/en\/wp-json\/wp\/v2\/dipi_cpt_category?post=22992550"}],"curies":[{"name":"wp","href":"https:\/\/api.w.org\/{rel}","templated":true}]}}