{"id":22992553,"date":"2023-02-01T07:31:41","date_gmt":"2023-02-01T12:31:41","guid":{"rendered":"https:\/\/clarkcordonbleu.ca\/?page_id=22992553"},"modified":"2024-10-15T14:30:14","modified_gmt":"2024-10-15T18:30:14","slug":"jobs","status":"publish","type":"page","link":"https:\/\/clarkcordonbleu.ca\/en\/jobs\/","title":{"rendered":"Jobs"},"content":{"rendered":"<p>[et_pb_section fb_built=&#8221;1&#8243; custom_padding_last_edited=&#8221;on|tablet&#8221; _builder_version=&#8221;4.19.1&#8243; _module_preset=&#8221;default&#8221; custom_padding=&#8221;||5%||false|false&#8221; custom_padding_tablet=&#8221;||15%||false|false&#8221; custom_padding_phone=&#8221;||15%||false|false&#8221; bottom_divider_style=&#8221;wave&#8221; bottom_divider_color=&#8221;#C11E3C&#8221; bottom_divider_height=&#8221;120px&#8221; global_colors_info=&#8221;{}&#8221;][et_pb_row _builder_version=&#8221;4.19.1&#8243; _module_preset=&#8221;default&#8221; global_colors_info=&#8221;{}&#8221;][et_pb_column type=&#8221;4_4&#8243; _builder_version=&#8221;4.19.1&#8243; _module_preset=&#8221;default&#8221; global_colors_info=&#8221;{}&#8221;][et_pb_text _builder_version=&#8221;4.19.1&#8243; _module_preset=&#8221;default&#8221; global_colors_info=&#8221;{}&#8221;]<\/p>\n<h1>Jobs Available at Cordon Bleu<\/h1>\n<p>Find the job that&#8217;s right for you<\/p>\n<p>&nbsp;<\/p>\n<p>[\/et_pb_text][\/et_pb_column][\/et_pb_row][et_pb_row _builder_version=&#8221;4.19.1&#8243; _module_preset=&#8221;default&#8221; max_width=&#8221;80%&#8221; global_colors_info=&#8221;{}&#8221;][et_pb_column type=&#8221;4_4&#8243; _builder_version=&#8221;4.19.1&#8243; _module_preset=&#8221;default&#8221; global_colors_info=&#8221;{}&#8221;][et_pb_code _builder_version=&#8221;4.19.1&#8243; _module_preset=&#8221;default&#8221; global_colors_info=&#8221;{}&#8221;]<\/p>\n<div id=\"BambooHR\" data-domain=\"cordonbleu.bamboohr.com\" data-version=\"1.0.0\" data-departmentid=\"\"><\/div>\n<p><script src=\"https:\/\/cordonbleu.bamboohr.com\/js\/embed.js\" type=\"text\/javascript\" async=\"\" defer><\/script><!-- [et_pb_line_break_holder] -->[\/et_pb_code][et_pb_code _builder_version=&#8221;4.19.1&#8243; _module_preset=&#8221;default&#8221; global_colors_info=&#8221;{}&#8221;]<script><!-- [et_pb_line_break_holder] -->jQuery(document).ready(function() { <!-- [et_pb_line_break_holder] -->  <!-- [et_pb_line_break_holder] -->timerAjoutTarget = setTimeout(ajoutTargetBlank, 2000);<!-- [et_pb_line_break_holder] --><!-- [et_pb_line_break_holder] -->function ajoutTargetBlank() {<!-- [et_pb_line_break_holder] -->  <!-- [et_pb_line_break_holder] -->  if(jQuery(\".BambooHR-ATS-Jobs-Item a\").length > 1){<!-- [et_pb_line_break_holder] -->  jQuery(\".BambooHR-ATS-Jobs-Item a\").attr(\"target\",\"_blank\" );<!-- [et_pb_line_break_holder] -->}else{clearInterval(timerAjoutTarget);timerAjoutTarget = setTimeout(ajoutTargetBlank, 1000);}<!-- [et_pb_line_break_holder] -->}<!-- [et_pb_line_break_holder] -->  <!-- [et_pb_line_break_holder] -->  \/\/jQuery(\".BambooHR-ATS-Jobs-Item a\").attr(\"target\",\"_blank\" );   <!-- [et_pb_line_break_holder] -->});<!-- [et_pb_line_break_holder] --><\/script>[\/et_pb_code][\/et_pb_column][\/et_pb_row][\/et_pb_section]<\/p>\n","protected":false},"excerpt":{"rendered":"<p>Jobs Available at Cordon Bleu Find the job that&#8217;s right for you &nbsp;<\/p>\n","protected":false},"author":2,"featured_media":22990919,"parent":0,"menu_order":0,"comment_status":"closed","ping_status":"closed","template":"","meta":{"_acf_changed":false,"_et_pb_use_builder":"on","_et_pb_old_content":"","_et_gb_content_width":"","inline_featured_image":false,"footnotes":""},"dipi_cpt_category":[],"class_list":["post-22992553","page","type-page","status-publish","has-post-thumbnail","hentry"],"acf":[],"yoast_head":"<!-- This site is optimized with the Yoast SEO Premium plugin v25.9 (Yoast SEO v26.4) - https:\/\/yoast.com\/wordpress\/plugins\/seo\/ -->\n<title>Check out the jobs available at Cordon Bleu<\/title>\n<meta name=\"description\" content=\"Cordon Bleu has several positions to fill. Check out the jobs available at Cordon Bleu and join our team.\" \/>\n<meta name=\"robots\" content=\"index, follow, max-snippet:-1, max-image-preview:large, max-video-preview:-1\" \/>\n<link rel=\"canonical\" href=\"https:\/\/clarkcordonbleu.ca\/en\/jobs\/\" \/>\n<meta property=\"og:locale\" content=\"en_US\" \/>\n<meta property=\"og:type\" content=\"article\" \/>\n<meta property=\"og:title\" content=\"Jobs\" \/>\n<meta property=\"og:description\" content=\"Cordon Bleu has several positions to fill. Check out the jobs available at Cordon Bleu and join our team.\" \/>\n<meta property=\"og:url\" content=\"https:\/\/clarkcordonbleu.ca\/en\/jobs\/\" \/>\n<meta property=\"og:site_name\" content=\"Cordon Bleu\" \/>\n<meta property=\"article:publisher\" content=\"https:\/\/www.facebook.com\/alimentscordonbleu\" \/>\n<meta property=\"article:modified_time\" content=\"2024-10-15T18:30:14+00:00\" \/>\n<meta property=\"og:image\" content=\"https:\/\/clarkcordonbleu.ca\/wp-content\/uploads\/2023\/02\/employe-usine-notre-vision-accueil-2.jpg\" \/>\n\t<meta property=\"og:image:width\" content=\"863\" \/>\n\t<meta property=\"og:image:height\" content=\"739\" \/>\n\t<meta property=\"og:image:type\" content=\"image\/jpeg\" \/>\n<meta name=\"twitter:card\" content=\"summary_large_image\" \/>\n<meta name=\"twitter:label1\" content=\"Est. reading time\" \/>\n\t<meta name=\"twitter:data1\" content=\"1 minute\" \/>\n<script type=\"application\/ld+json\" class=\"yoast-schema-graph\">{\"@context\":\"https:\/\/schema.org\",\"@graph\":[{\"@type\":\"WebPage\",\"@id\":\"https:\/\/clarkcordonbleu.ca\/en\/jobs\/\",\"url\":\"https:\/\/clarkcordonbleu.ca\/en\/jobs\/\",\"name\":\"Check out the jobs available at Cordon Bleu\",\"isPartOf\":{\"@id\":\"https:\/\/clarkcordonbleu.ca\/en\/#website\"},\"primaryImageOfPage\":{\"@id\":\"https:\/\/clarkcordonbleu.ca\/en\/jobs\/#primaryimage\"},\"image\":{\"@id\":\"https:\/\/clarkcordonbleu.ca\/en\/jobs\/#primaryimage\"},\"thumbnailUrl\":\"https:\/\/clarkcordonbleu.ca\/wp-content\/uploads\/2023\/02\/employe-usine-notre-vision-accueil-2.jpg\",\"datePublished\":\"2023-02-01T12:31:41+00:00\",\"dateModified\":\"2024-10-15T18:30:14+00:00\",\"description\":\"Cordon Bleu has several positions to fill. Check out the jobs available at Cordon Bleu and join our team.\",\"breadcrumb\":{\"@id\":\"https:\/\/clarkcordonbleu.ca\/en\/jobs\/#breadcrumb\"},\"inLanguage\":\"en-US\",\"potentialAction\":[{\"@type\":\"ReadAction\",\"target\":[\"https:\/\/clarkcordonbleu.ca\/en\/jobs\/\"]}]},{\"@type\":\"ImageObject\",\"inLanguage\":\"en-US\",\"@id\":\"https:\/\/clarkcordonbleu.ca\/en\/jobs\/#primaryimage\",\"url\":\"https:\/\/clarkcordonbleu.ca\/wp-content\/uploads\/2023\/02\/employe-usine-notre-vision-accueil-2.jpg\",\"contentUrl\":\"https:\/\/clarkcordonbleu.ca\/wp-content\/uploads\/2023\/02\/employe-usine-notre-vision-accueil-2.jpg\",\"width\":863,\"height\":739},{\"@type\":\"BreadcrumbList\",\"@id\":\"https:\/\/clarkcordonbleu.ca\/en\/jobs\/#breadcrumb\",\"itemListElement\":[{\"@type\":\"ListItem\",\"position\":1,\"name\":\"Home\",\"item\":\"https:\/\/clarkcordonbleu.ca\/en\/\"},{\"@type\":\"ListItem\",\"position\":2,\"name\":\"Jobs\"}]},{\"@type\":\"WebSite\",\"@id\":\"https:\/\/clarkcordonbleu.ca\/en\/#website\",\"url\":\"https:\/\/clarkcordonbleu.ca\/en\/\",\"name\":\"Cordon Bleu\",\"description\":\"Depuis 1933, entreprise de transformation alimentaire fi\u00e8rement qu\u00e9b\u00e9coise\",\"publisher\":{\"@id\":\"https:\/\/clarkcordonbleu.ca\/en\/#organization\"},\"alternateName\":\"Aliments Ouimet \u2013 Cordon Bleu\",\"potentialAction\":[{\"@type\":\"SearchAction\",\"target\":{\"@type\":\"EntryPoint\",\"urlTemplate\":\"https:\/\/clarkcordonbleu.ca\/en\/?s={search_term_string}\"},\"query-input\":{\"@type\":\"PropertyValueSpecification\",\"valueRequired\":true,\"valueName\":\"search_term_string\"}}],\"inLanguage\":\"en-US\"},{\"@type\":\"Organization\",\"@id\":\"https:\/\/clarkcordonbleu.ca\/en\/#organization\",\"name\":\"Cordon Bleu\",\"alternateName\":\"Aliments Ouimet \u2013 Cordon Bleu\",\"url\":\"https:\/\/clarkcordonbleu.ca\/en\/\",\"logo\":{\"@type\":\"ImageObject\",\"inLanguage\":\"en-US\",\"@id\":\"https:\/\/clarkcordonbleu.ca\/en\/#\/schema\/logo\/image\/\",\"url\":\"https:\/\/clarkcordonbleu.ca\/wp-content\/uploads\/2023\/02\/logo-cordon-bleu-696x696-1.jpg\",\"contentUrl\":\"https:\/\/clarkcordonbleu.ca\/wp-content\/uploads\/2023\/02\/logo-cordon-bleu-696x696-1.jpg\",\"width\":696,\"height\":696,\"caption\":\"Cordon Bleu\"},\"image\":{\"@id\":\"https:\/\/clarkcordonbleu.ca\/en\/#\/schema\/logo\/image\/\"},\"sameAs\":[\"https:\/\/www.facebook.com\/alimentscordonbleu\",\"https:\/\/fr.linkedin.com\/company\/devienscordonbleu\",\"https:\/\/www.instagram.com\/cordonbleu.aocb\/\"]}]}<\/script>\n<!-- \/ Yoast SEO Premium plugin. -->","yoast_head_json":{"title":"Check out the jobs available at Cordon Bleu","description":"Cordon Bleu has several positions to fill. Check out the jobs available at Cordon Bleu and join our team.","robots":{"index":"index","follow":"follow","max-snippet":"max-snippet:-1","max-image-preview":"max-image-preview:large","max-video-preview":"max-video-preview:-1"},"canonical":"https:\/\/clarkcordonbleu.ca\/en\/jobs\/","og_locale":"en_US","og_type":"article","og_title":"Jobs","og_description":"Cordon Bleu has several positions to fill. Check out the jobs available at Cordon Bleu and join our team.","og_url":"https:\/\/clarkcordonbleu.ca\/en\/jobs\/","og_site_name":"Cordon Bleu","article_publisher":"https:\/\/www.facebook.com\/alimentscordonbleu","article_modified_time":"2024-10-15T18:30:14+00:00","og_image":[{"width":863,"height":739,"url":"https:\/\/clarkcordonbleu.ca\/wp-content\/uploads\/2023\/02\/employe-usine-notre-vision-accueil-2.jpg","type":"image\/jpeg"}],"twitter_card":"summary_large_image","twitter_misc":{"Est. reading time":"1 minute"},"schema":{"@context":"https:\/\/schema.org","@graph":[{"@type":"WebPage","@id":"https:\/\/clarkcordonbleu.ca\/en\/jobs\/","url":"https:\/\/clarkcordonbleu.ca\/en\/jobs\/","name":"Check out the jobs available at Cordon Bleu","isPartOf":{"@id":"https:\/\/clarkcordonbleu.ca\/en\/#website"},"primaryImageOfPage":{"@id":"https:\/\/clarkcordonbleu.ca\/en\/jobs\/#primaryimage"},"image":{"@id":"https:\/\/clarkcordonbleu.ca\/en\/jobs\/#primaryimage"},"thumbnailUrl":"https:\/\/clarkcordonbleu.ca\/wp-content\/uploads\/2023\/02\/employe-usine-notre-vision-accueil-2.jpg","datePublished":"2023-02-01T12:31:41+00:00","dateModified":"2024-10-15T18:30:14+00:00","description":"Cordon Bleu has several positions to fill. Check out the jobs available at Cordon Bleu and join our team.","breadcrumb":{"@id":"https:\/\/clarkcordonbleu.ca\/en\/jobs\/#breadcrumb"},"inLanguage":"en-US","potentialAction":[{"@type":"ReadAction","target":["https:\/\/clarkcordonbleu.ca\/en\/jobs\/"]}]},{"@type":"ImageObject","inLanguage":"en-US","@id":"https:\/\/clarkcordonbleu.ca\/en\/jobs\/#primaryimage","url":"https:\/\/clarkcordonbleu.ca\/wp-content\/uploads\/2023\/02\/employe-usine-notre-vision-accueil-2.jpg","contentUrl":"https:\/\/clarkcordonbleu.ca\/wp-content\/uploads\/2023\/02\/employe-usine-notre-vision-accueil-2.jpg","width":863,"height":739},{"@type":"BreadcrumbList","@id":"https:\/\/clarkcordonbleu.ca\/en\/jobs\/#breadcrumb","itemListElement":[{"@type":"ListItem","position":1,"name":"Home","item":"https:\/\/clarkcordonbleu.ca\/en\/"},{"@type":"ListItem","position":2,"name":"Jobs"}]},{"@type":"WebSite","@id":"https:\/\/clarkcordonbleu.ca\/en\/#website","url":"https:\/\/clarkcordonbleu.ca\/en\/","name":"Cordon Bleu","description":"Depuis 1933, entreprise de transformation alimentaire fi\u00e8rement qu\u00e9b\u00e9coise","publisher":{"@id":"https:\/\/clarkcordonbleu.ca\/en\/#organization"},"alternateName":"Aliments Ouimet \u2013 Cordon Bleu","potentialAction":[{"@type":"SearchAction","target":{"@type":"EntryPoint","urlTemplate":"https:\/\/clarkcordonbleu.ca\/en\/?s={search_term_string}"},"query-input":{"@type":"PropertyValueSpecification","valueRequired":true,"valueName":"search_term_string"}}],"inLanguage":"en-US"},{"@type":"Organization","@id":"https:\/\/clarkcordonbleu.ca\/en\/#organization","name":"Cordon Bleu","alternateName":"Aliments Ouimet \u2013 Cordon Bleu","url":"https:\/\/clarkcordonbleu.ca\/en\/","logo":{"@type":"ImageObject","inLanguage":"en-US","@id":"https:\/\/clarkcordonbleu.ca\/en\/#\/schema\/logo\/image\/","url":"https:\/\/clarkcordonbleu.ca\/wp-content\/uploads\/2023\/02\/logo-cordon-bleu-696x696-1.jpg","contentUrl":"https:\/\/clarkcordonbleu.ca\/wp-content\/uploads\/2023\/02\/logo-cordon-bleu-696x696-1.jpg","width":696,"height":696,"caption":"Cordon Bleu"},"image":{"@id":"https:\/\/clarkcordonbleu.ca\/en\/#\/schema\/logo\/image\/"},"sameAs":["https:\/\/www.facebook.com\/alimentscordonbleu","https:\/\/fr.linkedin.com\/company\/devienscordonbleu","https:\/\/www.instagram.com\/cordonbleu.aocb\/"]}]}},"_links":{"self":[{"href":"https:\/\/clarkcordonbleu.ca\/en\/wp-json\/wp\/v2\/pages\/22992553","targetHints":{"allow":["GET"]}}],"collection":[{"href":"https:\/\/clarkcordonbleu.ca\/en\/wp-json\/wp\/v2\/pages"}],"about":[{"href":"https:\/\/clarkcordonbleu.ca\/en\/wp-json\/wp\/v2\/types\/page"}],"author":[{"embeddable":true,"href":"https:\/\/clarkcordonbleu.ca\/en\/wp-json\/wp\/v2\/users\/2"}],"replies":[{"embeddable":true,"href":"https:\/\/clarkcordonbleu.ca\/en\/wp-json\/wp\/v2\/comments?post=22992553"}],"version-history":[{"count":2,"href":"https:\/\/clarkcordonbleu.ca\/en\/wp-json\/wp\/v2\/pages\/22992553\/revisions"}],"predecessor-version":[{"id":22992555,"href":"https:\/\/clarkcordonbleu.ca\/en\/wp-json\/wp\/v2\/pages\/22992553\/revisions\/22992555"}],"wp:featuredmedia":[{"embeddable":true,"href":"https:\/\/clarkcordonbleu.ca\/en\/wp-json\/wp\/v2\/media\/22990919"}],"wp:attachment":[{"href":"https:\/\/clarkcordonbleu.ca\/en\/wp-json\/wp\/v2\/media?parent=22992553"}],"wp:term":[{"taxonomy":"dipi_cpt_category","embeddable":true,"href":"https:\/\/clarkcordonbleu.ca\/en\/wp-json\/wp\/v2\/dipi_cpt_category?post=22992553"}],"curies":[{"name":"wp","href":"https:\/\/api.w.org\/{rel}","templated":true}]}}