{"id":22992597,"date":"2023-04-17T13:43:38","date_gmt":"2023-04-17T17:43:38","guid":{"rendered":"https:\/\/clarkcordonbleu.ca\/?page_id=22992597"},"modified":"2024-10-22T13:09:13","modified_gmt":"2024-10-22T17:09:13","slug":"legal-notice","status":"publish","type":"page","link":"https:\/\/clarkcordonbleu.ca\/en\/legal-notice\/","title":{"rendered":"Legal notice"},"content":{"rendered":"<p>[et_pb_section fb_built=&#8221;1&#8243; _builder_version=&#8221;4.27.0&#8243; _module_preset=&#8221;default&#8221; custom_margin=&#8221;||||false|false&#8221; custom_padding=&#8221;||100px||false|false&#8221; bottom_divider_style=&#8221;wave&#8221; bottom_divider_color=&#8221;#C11E3C&#8221; global_colors_info=&#8221;{}&#8221;][et_pb_row _builder_version=&#8221;4.19.1&#8243; _module_preset=&#8221;default&#8221; global_colors_info=&#8221;{}&#8221;][et_pb_column type=&#8221;4_4&#8243; _builder_version=&#8221;4.19.1&#8243; _module_preset=&#8221;default&#8221; global_colors_info=&#8221;{}&#8221;][et_pb_text _builder_version=&#8221;4.27.0&#8243; _module_preset=&#8221;default&#8221; link_font=&#8221;||||on|||#0B5298|&#8221; link_text_color=&#8221;#0B5298&#8243; global_colors_info=&#8221;{}&#8221;]<\/p>\n<h1>Legal notices<\/h1>\n<p>Coming soon<\/p>\n<p>[\/et_pb_text][\/et_pb_column][\/et_pb_row][\/et_pb_section]<\/p>\n","protected":false},"excerpt":{"rendered":"<p>Legal notices Coming soon<\/p>\n","protected":false},"author":2,"featured_media":0,"parent":0,"menu_order":0,"comment_status":"closed","ping_status":"closed","template":"","meta":{"_acf_changed":false,"_et_pb_use_builder":"on","_et_pb_old_content":"<p>[et_pb_section fb_built=\"1\" _builder_version=\"4.25.1\" _module_preset=\"default\" hover_enabled=\"0\" global_colors_info=\"{}\" bottom_divider_style=\"wave\" custom_margin=\"||||false|false\" custom_padding=\"||100px||false|false\" sticky_enabled=\"0\" next_background_color=\"#C11E3C\"][et_pb_row _builder_version=\"4.19.1\" _module_preset=\"default\" global_colors_info=\"{}\"][et_pb_column type=\"4_4\" _builder_version=\"4.19.1\" _module_preset=\"default\" global_colors_info=\"{}\"][et_pb_text _builder_version=\"4.19.1\" _module_preset=\"default\" link_font=\"||||on|||#0B5298|\" link_text_color=\"#0B5298\" global_colors_info=\"{}\"]<\/p><h1>Mentions l\u00e9gales<\/h1><p>Ce site web est exploit\u00e9 par ALIMENTS OUIMET-CORDON BLEU INC. Sur ce site, les termes \"nous\", \"notre\" et \"nos\" font r\u00e9f\u00e9rence \u00e0 ALIMENTS OUIMET-CORDON BLEU INC.<\/p><p>Avant de visiter notre site web ou de devenir un utilisateur, vous devez lire et accepter toutes les modalit\u00e9s de la pr\u00e9sente convention relative aux modalit\u00e9s d\u2019utilisation, ainsi que <a href=\"https:\/\/clarkcordonbleu.ca\/politique-de-confidentialite\/\">notre politique de confidentialit\u00e9.<\/a><\/p><p>Nous nous r\u00e9servons le droit de mettre \u00e0 jour, de changer ou de remplacer toute partie de ces mentions l\u00e9gales en publiant les mises \u00e0 jour et\/ou les modifications sur notre site web. Il vous incombe de consulter cette page r\u00e9guli\u00e8rement pour v\u00e9rifier si des modifications ont \u00e9t\u00e9 apport\u00e9es. Votre utilisation continue du site web ou votre acc\u00e8s \u00e0 celui-ci apr\u00e8s la publication de toute modification constitue une acception de votre part de ces modifications.<\/p><h6>1. Droits exclusifs et propri\u00e9t\u00e9 intellectuelle<\/h6><p>Vous reconnaissez et convenez que ALIMENTS OUIMET-CORDON BLEU INC. d\u00e9tient tous droit l\u00e9gal, titre et int\u00e9r\u00eat \u00e0 l\u2019\u00e9gard du site web, y compris les droits en mati\u00e8re de propri\u00e9t\u00e9 intellectuelle qui s\u2019appliquent au site web (que ces droits soient ou non d\u00e9pos\u00e9s ou enregistr\u00e9s, et ind\u00e9pendamment du pays dans le monde o\u00f9 ces droits existent). Aucune disposition contenue dans la convention relative aux modalit\u00e9s d\u2019utilisation ne vous donne droit \u00e0 ces droits ou \u00e0 utiliser une des d\u00e9nominations commerciales de ALIMENTS OUIMET-CORDON BLEU INC., ou ses marques de commerce, marques de service, logotypes, noms de domaine ou autres caract\u00e9ristiques de marque distinctives.<\/p><p>Il vous est permis de copier \u00e9lectroniquement ou d\u2019imprimer sur papier toute page du site web pour votre usage personnel ou professionnel, dans la mesure o\u00f9, lors de l\u2019utilisation du document, il est fait mention de ALIMENTS OUIMET-CORDON BLEU INC. Malgr\u00e9 ce qui pr\u00e9c\u00e8de, il vous est interdit de reproduire, de publier, de transmettre, de distribuer, d\u2019afficher, de modifier, de vendre ou d\u2019exploiter de quelque mani\u00e8re que ce soit ce site web ou son contenu, y compris les renseignements relatifs \u00e0 la soci\u00e9t\u00e9, aux supports de donn\u00e9es ou d\u2019autres renseignements, des documents, de la documentation, du mat\u00e9riel, des donn\u00e9es, des messages textes, des logiciels, de la musique, des sons, des photographies ou images, des graphiques et des vid\u00e9os qui sont compris dans le contenu, d\u2019en cr\u00e9er des \u0153uvres d\u00e9riv\u00e9es ou de prendre part \u00e0 une vente de ceux-ci.<\/p><h6>2. Responsabilit\u00e9 \u00e0 l'\u00e9gard du contenu : exactitude, exhaustivit\u00e9 et actualit\u00e9 des informations<\/h6><p>Malgr\u00e9 les efforts raisonnables d\u00e9ploy\u00e9s pour assurer l\u2019exactitude et l\u2019actualit\u00e9 du site web, nous ne garantissons et ne d\u00e9clarons pas que ce site web est en tout temps libre d\u2019erreurs, ou enti\u00e8rement exact et \u00e0 jour.<\/p><p>Nous ne sommes pas responsables si les informations disponibles sur ce site ne sont pas exactes, compl\u00e8tes ou \u00e0 jour. Si vous d\u00e9cidez de vous fier au contenu pr\u00e9sent\u00e9 sur ce site, vous le faites \u00e0 votre propre risque.<\/p><p>Ce site pourrait contenir certaines informations ant\u00e9rieures. Ces informations ant\u00e9rieures, par nature, ne sont pas \u00e0 jour et sont fournies \u00e0 titre indicatif seulement. Nous nous r\u00e9servons le droit de modifier le contenu de ce site \u00e0 tout moment, mais nous n\u2019avons aucune obligation de mettre \u00e0 jour les informations sur notre site. Vous acceptez qu\u2019il vous incombe de surveiller les modifications apport\u00e9es \u00e0 notre site.<\/p><h6>3. Avis de non-responsabilit\u00e9s<\/h6><p>Le contenu de ce site web est destin\u00e9 uniquement \u00e0 des fins informatives.<\/p><p>Dans toute la mesure permise par la loi, nous excluons express\u00e9ment toute responsabilit\u00e9 pour toute perte ou dommage direct, indirect ou cons\u00e9cutif subi par vous ou d'autres personnes li\u00e9es \u00e0 ce site web et \u00e0 son contenu.<\/p><p>Par la pr\u00e9sente, vous renoncez \u00e0 tous recours, garanties ou responsabilit\u00e9s d\u00e9coulant de la loi ou autrement. ALIMENTS OUIMET-CORDON BLEU INC., ses dirigeants, repr\u00e9sentants et employ\u00e9s ne sauraient \u00eatre tenus responsables des pertes de b\u00e9n\u00e9fices, des interruptions d'activit\u00e9, des dommages informatiques ou de la perte de donn\u00e9es. ALIMENTS OUIMET-CORDON BLEU INC. d\u00e9cline par la pr\u00e9sente toute responsabilit\u00e9 en ce qui concerne la transmission de virus ou de bogues. Toute cette limitation s\u2019applique m\u00eame si ALIMENTS OUIMET-CORDON BLEU INC., ses dirigeants, repr\u00e9sentants ou employ\u00e9s ont \u00e9t\u00e9 inform\u00e9s de l\u2019\u00e9ventualit\u00e9 des dommages susmentionn\u00e9s.<\/p><p>De plus, certains liens sur ce site conduisent \u00e0 des sites web contr\u00f4l\u00e9s par d'autres parties sur lesquelles nous n\u2019avons aucun contr\u00f4le. Nous ne garantissons pas l'exactitude des informations de tiers et d\u00e9clinons express\u00e9ment toute responsabilit\u00e9.<\/p><h6>4. Politique de confidentialit\u00e9<\/h6><p>L'utilisation de ce site web est soumise \u00e0 la politique de confidentialit\u00e9 de ALIMENTS OUIMET-CORDON BLEU INC. En acc\u00e9dant \u00e0 ce site web, vous acceptez d'avoir lu et accept\u00e9 d'\u00eatre li\u00e9 non seulement \u00e0 cet accord, mais \u00e9galement \u00e0 la politique de confidentialit\u00e9.<\/p><p>Vous acceptez d\u2019utiliser ce site et son contenu uniquement \u00e0 des fins l\u00e9gales et renoncez \u00e0 exercer toutes formes d\u2019activit\u00e9s non acceptables, y compris, mais sans s'y limiter, l\u2019injection de virus logiciels, l\u2019envoi de masse (spam), la sollicitation commerciale, la copie, la distribution ou l\u2019utilisation ill\u00e9gale de mat\u00e9riel sous propri\u00e9t\u00e9 intellectuelle.<br \/>Vous acceptez d'utiliser le site Web et son contenu \u00e0 des fins l\u00e9gitimes et non commerciales uniquement et non \u00e0 des fins sp\u00e9culatives, fausses, frauduleuses ou ill\u00e9gales.<\/p><p>Vos droits concernant l'acc\u00e8s \u00e0 ce site Web peuvent \u00eatre r\u00e9sili\u00e9s ou limit\u00e9s \u00e0 tout moment \u00e0 la seule discr\u00e9tion de ALIMENTS OUIMET-CORDON BLEU INC.<br \/>ALIMENTS OUIMET-CORDON BLEU INC. n\u2019est pas tenu de vous donner un pr\u00e9avis ou une explication de la r\u00e9siliation.<\/p><p>[\/et_pb_text][\/et_pb_column][\/et_pb_row][\/et_pb_section]<\/p>","_et_gb_content_width":"","inline_featured_image":false,"footnotes":""},"dipi_cpt_category":[],"class_list":["post-22992597","page","type-page","status-publish","hentry"],"acf":[],"yoast_head":"<!-- This site is optimized with the Yoast SEO Premium plugin v25.9 (Yoast SEO v26.4) - https:\/\/yoast.com\/wordpress\/plugins\/seo\/ -->\n<title>Legal notice &#8226; Cordon Bleu<\/title>\n<meta name=\"robots\" content=\"noindex, follow\" \/>\n<meta property=\"og:locale\" content=\"en_US\" \/>\n<meta property=\"og:type\" content=\"article\" \/>\n<meta property=\"og:title\" content=\"Legal notice\" \/>\n<meta property=\"og:description\" content=\"Legal notices Coming soon\" \/>\n<meta property=\"og:url\" content=\"https:\/\/clarkcordonbleu.ca\/en\/legal-notice\/\" \/>\n<meta property=\"og:site_name\" content=\"Cordon Bleu\" \/>\n<meta property=\"article:publisher\" content=\"https:\/\/www.facebook.com\/alimentscordonbleu\" \/>\n<meta property=\"article:modified_time\" content=\"2024-10-22T17:09:13+00:00\" \/>\n<meta property=\"og:image\" content=\"https:\/\/clarkcordonbleu.ca\/wp-content\/uploads\/2023\/02\/palette-cannes-cordon-bleu.jpg\" \/>\n\t<meta property=\"og:image:width\" content=\"1200\" \/>\n\t<meta property=\"og:image:height\" content=\"675\" \/>\n\t<meta property=\"og:image:type\" content=\"image\/jpeg\" \/>\n<meta name=\"twitter:card\" content=\"summary_large_image\" \/>\n<meta name=\"twitter:label1\" content=\"Est. reading time\" \/>\n\t<meta name=\"twitter:data1\" content=\"1 minute\" \/>\n<script type=\"application\/ld+json\" class=\"yoast-schema-graph\">{\"@context\":\"https:\/\/schema.org\",\"@graph\":[{\"@type\":\"WebPage\",\"@id\":\"https:\/\/clarkcordonbleu.ca\/en\/legal-notice\/\",\"url\":\"https:\/\/clarkcordonbleu.ca\/en\/legal-notice\/\",\"name\":\"Legal notice &#8226; Cordon Bleu\",\"isPartOf\":{\"@id\":\"https:\/\/clarkcordonbleu.ca\/en\/#website\"},\"datePublished\":\"2023-04-17T17:43:38+00:00\",\"dateModified\":\"2024-10-22T17:09:13+00:00\",\"breadcrumb\":{\"@id\":\"https:\/\/clarkcordonbleu.ca\/en\/legal-notice\/#breadcrumb\"},\"inLanguage\":\"en-US\",\"potentialAction\":[{\"@type\":\"ReadAction\",\"target\":[\"https:\/\/clarkcordonbleu.ca\/en\/legal-notice\/\"]}]},{\"@type\":\"BreadcrumbList\",\"@id\":\"https:\/\/clarkcordonbleu.ca\/en\/legal-notice\/#breadcrumb\",\"itemListElement\":[{\"@type\":\"ListItem\",\"position\":1,\"name\":\"Home\",\"item\":\"https:\/\/clarkcordonbleu.ca\/en\/\"},{\"@type\":\"ListItem\",\"position\":2,\"name\":\"Legal notice\"}]},{\"@type\":\"WebSite\",\"@id\":\"https:\/\/clarkcordonbleu.ca\/en\/#website\",\"url\":\"https:\/\/clarkcordonbleu.ca\/en\/\",\"name\":\"Cordon Bleu\",\"description\":\"Depuis 1933, entreprise de transformation alimentaire fi\u00e8rement qu\u00e9b\u00e9coise\",\"publisher\":{\"@id\":\"https:\/\/clarkcordonbleu.ca\/en\/#organization\"},\"alternateName\":\"Aliments Ouimet \u2013 Cordon Bleu\",\"potentialAction\":[{\"@type\":\"SearchAction\",\"target\":{\"@type\":\"EntryPoint\",\"urlTemplate\":\"https:\/\/clarkcordonbleu.ca\/en\/?s={search_term_string}\"},\"query-input\":{\"@type\":\"PropertyValueSpecification\",\"valueRequired\":true,\"valueName\":\"search_term_string\"}}],\"inLanguage\":\"en-US\"},{\"@type\":\"Organization\",\"@id\":\"https:\/\/clarkcordonbleu.ca\/en\/#organization\",\"name\":\"Cordon Bleu\",\"alternateName\":\"Aliments Ouimet \u2013 Cordon Bleu\",\"url\":\"https:\/\/clarkcordonbleu.ca\/en\/\",\"logo\":{\"@type\":\"ImageObject\",\"inLanguage\":\"en-US\",\"@id\":\"https:\/\/clarkcordonbleu.ca\/en\/#\/schema\/logo\/image\/\",\"url\":\"https:\/\/clarkcordonbleu.ca\/wp-content\/uploads\/2023\/02\/logo-cordon-bleu-696x696-1.jpg\",\"contentUrl\":\"https:\/\/clarkcordonbleu.ca\/wp-content\/uploads\/2023\/02\/logo-cordon-bleu-696x696-1.jpg\",\"width\":696,\"height\":696,\"caption\":\"Cordon Bleu\"},\"image\":{\"@id\":\"https:\/\/clarkcordonbleu.ca\/en\/#\/schema\/logo\/image\/\"},\"sameAs\":[\"https:\/\/www.facebook.com\/alimentscordonbleu\",\"https:\/\/fr.linkedin.com\/company\/devienscordonbleu\",\"https:\/\/www.instagram.com\/cordonbleu.aocb\/\"]}]}<\/script>\n<!-- \/ Yoast SEO Premium plugin. -->","yoast_head_json":{"title":"Legal notice &#8226; Cordon Bleu","robots":{"index":"noindex","follow":"follow"},"og_locale":"en_US","og_type":"article","og_title":"Legal notice","og_description":"Legal notices Coming soon","og_url":"https:\/\/clarkcordonbleu.ca\/en\/legal-notice\/","og_site_name":"Cordon Bleu","article_publisher":"https:\/\/www.facebook.com\/alimentscordonbleu","article_modified_time":"2024-10-22T17:09:13+00:00","og_image":[{"width":1200,"height":675,"url":"https:\/\/clarkcordonbleu.ca\/wp-content\/uploads\/2023\/02\/palette-cannes-cordon-bleu.jpg","type":"image\/jpeg"}],"twitter_card":"summary_large_image","twitter_misc":{"Est. reading time":"1 minute"},"schema":{"@context":"https:\/\/schema.org","@graph":[{"@type":"WebPage","@id":"https:\/\/clarkcordonbleu.ca\/en\/legal-notice\/","url":"https:\/\/clarkcordonbleu.ca\/en\/legal-notice\/","name":"Legal notice &#8226; Cordon Bleu","isPartOf":{"@id":"https:\/\/clarkcordonbleu.ca\/en\/#website"},"datePublished":"2023-04-17T17:43:38+00:00","dateModified":"2024-10-22T17:09:13+00:00","breadcrumb":{"@id":"https:\/\/clarkcordonbleu.ca\/en\/legal-notice\/#breadcrumb"},"inLanguage":"en-US","potentialAction":[{"@type":"ReadAction","target":["https:\/\/clarkcordonbleu.ca\/en\/legal-notice\/"]}]},{"@type":"BreadcrumbList","@id":"https:\/\/clarkcordonbleu.ca\/en\/legal-notice\/#breadcrumb","itemListElement":[{"@type":"ListItem","position":1,"name":"Home","item":"https:\/\/clarkcordonbleu.ca\/en\/"},{"@type":"ListItem","position":2,"name":"Legal notice"}]},{"@type":"WebSite","@id":"https:\/\/clarkcordonbleu.ca\/en\/#website","url":"https:\/\/clarkcordonbleu.ca\/en\/","name":"Cordon Bleu","description":"Depuis 1933, entreprise de transformation alimentaire fi\u00e8rement qu\u00e9b\u00e9coise","publisher":{"@id":"https:\/\/clarkcordonbleu.ca\/en\/#organization"},"alternateName":"Aliments Ouimet \u2013 Cordon Bleu","potentialAction":[{"@type":"SearchAction","target":{"@type":"EntryPoint","urlTemplate":"https:\/\/clarkcordonbleu.ca\/en\/?s={search_term_string}"},"query-input":{"@type":"PropertyValueSpecification","valueRequired":true,"valueName":"search_term_string"}}],"inLanguage":"en-US"},{"@type":"Organization","@id":"https:\/\/clarkcordonbleu.ca\/en\/#organization","name":"Cordon Bleu","alternateName":"Aliments Ouimet \u2013 Cordon Bleu","url":"https:\/\/clarkcordonbleu.ca\/en\/","logo":{"@type":"ImageObject","inLanguage":"en-US","@id":"https:\/\/clarkcordonbleu.ca\/en\/#\/schema\/logo\/image\/","url":"https:\/\/clarkcordonbleu.ca\/wp-content\/uploads\/2023\/02\/logo-cordon-bleu-696x696-1.jpg","contentUrl":"https:\/\/clarkcordonbleu.ca\/wp-content\/uploads\/2023\/02\/logo-cordon-bleu-696x696-1.jpg","width":696,"height":696,"caption":"Cordon Bleu"},"image":{"@id":"https:\/\/clarkcordonbleu.ca\/en\/#\/schema\/logo\/image\/"},"sameAs":["https:\/\/www.facebook.com\/alimentscordonbleu","https:\/\/fr.linkedin.com\/company\/devienscordonbleu","https:\/\/www.instagram.com\/cordonbleu.aocb\/"]}]}},"_links":{"self":[{"href":"https:\/\/clarkcordonbleu.ca\/en\/wp-json\/wp\/v2\/pages\/22992597","targetHints":{"allow":["GET"]}}],"collection":[{"href":"https:\/\/clarkcordonbleu.ca\/en\/wp-json\/wp\/v2\/pages"}],"about":[{"href":"https:\/\/clarkcordonbleu.ca\/en\/wp-json\/wp\/v2\/types\/page"}],"author":[{"embeddable":true,"href":"https:\/\/clarkcordonbleu.ca\/en\/wp-json\/wp\/v2\/users\/2"}],"replies":[{"embeddable":true,"href":"https:\/\/clarkcordonbleu.ca\/en\/wp-json\/wp\/v2\/comments?post=22992597"}],"version-history":[{"count":7,"href":"https:\/\/clarkcordonbleu.ca\/en\/wp-json\/wp\/v2\/pages\/22992597\/revisions"}],"predecessor-version":[{"id":22992709,"href":"https:\/\/clarkcordonbleu.ca\/en\/wp-json\/wp\/v2\/pages\/22992597\/revisions\/22992709"}],"wp:attachment":[{"href":"https:\/\/clarkcordonbleu.ca\/en\/wp-json\/wp\/v2\/media?parent=22992597"}],"wp:term":[{"taxonomy":"dipi_cpt_category","embeddable":true,"href":"https:\/\/clarkcordonbleu.ca\/en\/wp-json\/wp\/v2\/dipi_cpt_category?post=22992597"}],"curies":[{"name":"wp","href":"https:\/\/api.w.org\/{rel}","templated":true}]}}