{"id":22992606,"date":"2022-11-21T20:12:08","date_gmt":"2022-11-22T01:12:08","guid":{"rendered":"https:\/\/clarkcordonbleu.ca\/?page_id=22992606"},"modified":"2024-11-18T12:00:51","modified_gmt":"2024-11-18T17:00:51","slug":"privacy-policy","status":"publish","type":"page","link":"https:\/\/clarkcordonbleu.ca\/en\/privacy-policy\/","title":{"rendered":"Privacy Policy"},"content":{"rendered":"<p>[et_pb_section fb_built=&#8221;1&#8243; admin_label=&#8221;section&#8221; _builder_version=&#8221;4.19.1&#8243; bottom_divider_style=&#8221;wave&#8221; bottom_divider_color=&#8221;#C11E3C&#8221; global_colors_info=&#8221;{}&#8221;][et_pb_row admin_label=&#8221;row&#8221; _builder_version=&#8221;4.16&#8243; background_size=&#8221;initial&#8221; background_position=&#8221;top_left&#8221; background_repeat=&#8221;repeat&#8221; global_colors_info=&#8221;{}&#8221;][et_pb_column type=&#8221;4_4&#8243; _builder_version=&#8221;4.16&#8243; custom_padding=&#8221;|||&#8221; global_colors_info=&#8221;{}&#8221; custom_padding__hover=&#8221;|||&#8221;][et_pb_text admin_label=&#8221;Text&#8221; _builder_version=&#8221;4.27.0&#8243; link_font=&#8221;||||on|||#000000|&#8221; link_text_color=&#8221;#000000&#8243; background_size=&#8221;initial&#8221; background_position=&#8221;top_left&#8221; background_repeat=&#8221;repeat&#8221; global_colors_info=&#8221;{}&#8221;]<\/p>\n<h1>Privacy Policy<\/h1>\n<p>This website is operated by OUIMET-CORDON BLEU FOODS INC. On this site, the terms \u201cwe,\u201d \u201cour,\u201d and \u201cours\u201d refer to OUIMET-CORDON BLEU FOODS INC.<\/p>\n<p>Before visiting our website or becoming a user, you must read and accept all the terms of this privacy policy.<\/p>\n<p>We reserve the right to update, change, or replace any part of this privacy policy by posting updates and\/or modifications on our website. It is your responsibility to regularly check this page to see if any changes have been made. Your continued use of the website or access to it after the publication of any modification constitutes your acceptance of these changes.<\/p>\n<h6>1. Collection of Personal Information<\/h6>\n<p>The term \u201cpersonal information\u201d generally refers to all information about an individual that makes them identifiable.<\/p>\n<p>OUIMET-CORDON BLEU FOODS INC. may collect and store technological information that is automatically communicated when a user visits the platform.<\/p>\n<p>This technological information may include, but is not limited to: IP address, web browser, operating system, clickstreams, etc. It is possible to block the use of cookies by adjusting your browser settings. However, please note that in such a case, certain features of the platform may not function properly.<\/p>\n<h6>2. Use of Personal Information<\/h6>\n<p>Small digital signature files (web beacons) may be stored by your web browser, allowing your preferences to be recorded during the website visit. They may also be used to track your return visits to the website. Third-party advertisers may also use web beacons for tracking purposes.<\/p>\n<h6>3. Contact<\/h6>\n<p>For any questions regarding this policy, you can contact us by email at consommateurs@cordonbleu.ca or by mail at the following address:<\/p>\n<p>Aliments Ouimet \u2013 Cordon Bleu<br \/>8383, J Ren\u00e9 Ouimet Street<br \/>Anjou, Qu\u00e9bec<br \/>H1J 2P8<\/p>\n<h6>4. Personal Information Protection Officer<\/h6>\n<p>Joannie Roy, Human Development Director,<br \/>514-352-3000 *241,<br \/><a href=\"mailto:joannie.roy@cordonbleu.ca\">joannie.roy@cordonbleu.ca<\/a><\/p>\n<p>&nbsp;<\/p>\n<p>[\/et_pb_text][\/et_pb_column][\/et_pb_row][\/et_pb_section]<\/p>\n","protected":false},"excerpt":{"rendered":"<p>Privacy Policy This website is operated by OUIMET-CORDON BLEU FOODS INC. On this site, the terms \u201cwe,\u201d \u201cour,\u201d and \u201cours\u201d refer to OUIMET-CORDON BLEU FOODS INC. Before visiting our website or becoming a user, you must read and accept all the terms of this privacy policy. We reserve the right to update, change, or replace [&hellip;]<\/p>\n","protected":false},"author":2,"featured_media":0,"parent":0,"menu_order":0,"comment_status":"closed","ping_status":"closed","template":"","meta":{"_acf_changed":false,"_et_pb_use_builder":"on","_et_pb_old_content":"<p>[et_pb_section fb_built=\"1\" admin_label=\"section\" _builder_version=\"4.19.1\" bottom_divider_style=\"wave\" bottom_divider_color=\"#C11E3C\" global_colors_info=\"{}\"][et_pb_row admin_label=\"row\" _builder_version=\"4.16\" background_size=\"initial\" background_position=\"top_left\" background_repeat=\"repeat\" global_colors_info=\"{}\"][et_pb_column type=\"4_4\" _builder_version=\"4.16\" custom_padding=\"|||\" global_colors_info=\"{}\" custom_padding__hover=\"|||\"][et_pb_text admin_label=\"Text\" _builder_version=\"4.22.1\" link_font=\"||||on|||#000000|\" link_text_color=\"#000000\" background_size=\"initial\" background_position=\"top_left\" background_repeat=\"repeat\" hover_enabled=\"0\" global_colors_info=\"{}\" sticky_enabled=\"0\"]<\/p><p>\u00a0<\/p><h1>Politique de confidentialit\u00e9<\/h1><p>Ce site web est exploit\u00e9 par ALIMENTS OUIMET-CORDON BLEU INC. Sur ce site, les termes \"nous\", \"notre\" et \"nos\" font r\u00e9f\u00e9rence \u00e0 ALIMENTS OUIMET-CORDON BLEU INC.<\/p><p>Avant de visiter notre site web ou de devenir un utilisateur, vous devez lire et accepter toutes les modalit\u00e9s de la pr\u00e9sente politique de confidentialit\u00e9, ainsi que <a href=\"https:\/\/clarkcordonbleu.ca\/mentions-legales\/\">nos mentions l\u00e9gales.<\/a><\/p><p>Nous nous r\u00e9servons le droit de mettre \u00e0 jour, de changer ou de remplacer toute partie de cette politique de confidentialit\u00e9 en publiant les mises \u00e0 jour et\/ou les modifications sur notre site web. Il vous incombe de consulter cette page r\u00e9guli\u00e8rement pour v\u00e9rifier si des modifications ont \u00e9t\u00e9 apport\u00e9es. Votre utilisation continue du site web ou votre acc\u00e8s \u00e0 celui-ci apr\u00e8s la publication de toute modification constitue une acception de votre part de ces modifications.<\/p><h6>1. Collecte des renseignements personnels<\/h6><p>Le terme \u00ab renseignement personnel \u00bb d\u00e9signe g\u00e9n\u00e9ralement tous les renseignements concernant un individu le rendant identifiable.<\/p><p>ALIMENTS OUIMET-CORDON BLEU INC. peut recueillir et conserver de l\u2019information technologique qui est automatiquement communiqu\u00e9e lorsqu\u2019un utilisateur visite la plateforme.<\/p><p>Ces informations technologiques peuvent comprendre, sans s\u2019y restreindre : l\u2019adresse IP, le navigateur web, le syst\u00e8me d\u2019exploitation, flux de clics, etc. Il est possible de bloquer l\u2019utilisation des fichiers t\u00e9moins (cookies) en ajustant les param\u00e8tres de votre navigateur. Veuillez toutefois noter que dans un tel cas, certaines fonctionnalit\u00e9s de la plateforme pourraient ne pas fonctionner ad\u00e9quatement.<\/p><h6>2. Utilisation des renseignements personnels<\/h6><p>De petits fichiers de signature num\u00e9rique (t\u00e9moins web) peuvent \u00eatre stock\u00e9s par votre navigateur web, ce qui permet d'enregistrer vos pr\u00e9f\u00e9rences lors de la visite du site web. Ils peuvent \u00e9galement \u00eatre utilis\u00e9s pour suivre vos visites de retour sur le site web. Les annonceurs tiers peuvent \u00e9galement utiliser des t\u00e9moins web \u00e0 des fins de suivi.<\/p><h6>3. Contact<\/h6><p>Pour toute question relative \u00e0 la pr\u00e9sente politique, vous pouvez nous contacter par courriel \u00e0 consommateurs@cordonbleu.ca ou par la poste \u00e0 l\u2019adresse suivante :<\/p><p>Aliments Ouimet \u2013 Cordon Bleu<br \/>8383, rue J Ren\u00e9 Ouimet<br \/>Anjou (Qu\u00e9bec)<br \/>H1J 2P8<\/p><h6>4. Responsable de la protection des renseignements personnels<\/h6><p>Joannie Roy, CRHA, Directrice du d\u00e9veloppement humain<br \/>514-352-3000 *241 |<span style=\"color: #000000;\"> <a style=\"color: #000000;\" href=\"mailto:joannie.roy@cordonbleu.ca\">joannie.roy@cordonbleu.ca<\/a><\/span><\/p><p>\u00a0<\/p><p>[\/et_pb_text][\/et_pb_column][\/et_pb_row][\/et_pb_section]<\/p>","_et_gb_content_width":"","inline_featured_image":false,"footnotes":""},"dipi_cpt_category":[],"class_list":["post-22992606","page","type-page","status-publish","hentry"],"acf":[],"yoast_head":"<!-- This site is optimized with the Yoast SEO Premium plugin v25.9 (Yoast SEO v26.4) - https:\/\/yoast.com\/wordpress\/plugins\/seo\/ -->\n<title>Privacy Policy &#8226; Cordon Bleu<\/title>\n<meta name=\"robots\" content=\"index, follow, max-snippet:-1, max-image-preview:large, max-video-preview:-1\" \/>\n<link rel=\"canonical\" href=\"https:\/\/clarkcordonbleu.ca\/en\/privacy-policy\/\" \/>\n<meta property=\"og:locale\" content=\"en_US\" \/>\n<meta property=\"og:type\" content=\"article\" \/>\n<meta property=\"og:title\" content=\"Privacy Policy\" \/>\n<meta property=\"og:description\" content=\"Privacy Policy This website is operated by OUIMET-CORDON BLEU FOODS INC. On this site, the terms \u201cwe,\u201d \u201cour,\u201d and \u201cours\u201d refer to OUIMET-CORDON BLEU FOODS INC. Before visiting our website or becoming a user, you must read and accept all the terms of this privacy policy. We reserve the right to update, change, or replace [&hellip;]\" \/>\n<meta property=\"og:url\" content=\"https:\/\/clarkcordonbleu.ca\/en\/privacy-policy\/\" \/>\n<meta property=\"og:site_name\" content=\"Cordon Bleu\" \/>\n<meta property=\"article:publisher\" content=\"https:\/\/www.facebook.com\/alimentscordonbleu\" \/>\n<meta property=\"article:modified_time\" content=\"2024-11-18T17:00:51+00:00\" \/>\n<meta property=\"og:image\" content=\"https:\/\/clarkcordonbleu.ca\/wp-content\/uploads\/2023\/02\/palette-cannes-cordon-bleu.jpg\" \/>\n\t<meta property=\"og:image:width\" content=\"1200\" \/>\n\t<meta property=\"og:image:height\" content=\"675\" \/>\n\t<meta property=\"og:image:type\" content=\"image\/jpeg\" \/>\n<meta name=\"twitter:card\" content=\"summary_large_image\" \/>\n<meta name=\"twitter:label1\" content=\"Est. reading time\" \/>\n\t<meta name=\"twitter:data1\" content=\"2 minutes\" \/>\n<script type=\"application\/ld+json\" class=\"yoast-schema-graph\">{\"@context\":\"https:\/\/schema.org\",\"@graph\":[{\"@type\":\"WebPage\",\"@id\":\"https:\/\/clarkcordonbleu.ca\/en\/privacy-policy\/\",\"url\":\"https:\/\/clarkcordonbleu.ca\/en\/privacy-policy\/\",\"name\":\"Privacy Policy &#8226; Cordon Bleu\",\"isPartOf\":{\"@id\":\"https:\/\/clarkcordonbleu.ca\/en\/#website\"},\"datePublished\":\"2022-11-22T01:12:08+00:00\",\"dateModified\":\"2024-11-18T17:00:51+00:00\",\"breadcrumb\":{\"@id\":\"https:\/\/clarkcordonbleu.ca\/en\/privacy-policy\/#breadcrumb\"},\"inLanguage\":\"en-US\",\"potentialAction\":[{\"@type\":\"ReadAction\",\"target\":[\"https:\/\/clarkcordonbleu.ca\/en\/privacy-policy\/\"]}]},{\"@type\":\"BreadcrumbList\",\"@id\":\"https:\/\/clarkcordonbleu.ca\/en\/privacy-policy\/#breadcrumb\",\"itemListElement\":[{\"@type\":\"ListItem\",\"position\":1,\"name\":\"Home\",\"item\":\"https:\/\/clarkcordonbleu.ca\/en\/\"},{\"@type\":\"ListItem\",\"position\":2,\"name\":\"Privacy Policy\"}]},{\"@type\":\"WebSite\",\"@id\":\"https:\/\/clarkcordonbleu.ca\/en\/#website\",\"url\":\"https:\/\/clarkcordonbleu.ca\/en\/\",\"name\":\"Cordon Bleu\",\"description\":\"Depuis 1933, entreprise de transformation alimentaire fi\u00e8rement qu\u00e9b\u00e9coise\",\"publisher\":{\"@id\":\"https:\/\/clarkcordonbleu.ca\/en\/#organization\"},\"alternateName\":\"Aliments Ouimet \u2013 Cordon Bleu\",\"potentialAction\":[{\"@type\":\"SearchAction\",\"target\":{\"@type\":\"EntryPoint\",\"urlTemplate\":\"https:\/\/clarkcordonbleu.ca\/en\/?s={search_term_string}\"},\"query-input\":{\"@type\":\"PropertyValueSpecification\",\"valueRequired\":true,\"valueName\":\"search_term_string\"}}],\"inLanguage\":\"en-US\"},{\"@type\":\"Organization\",\"@id\":\"https:\/\/clarkcordonbleu.ca\/en\/#organization\",\"name\":\"Cordon Bleu\",\"alternateName\":\"Aliments Ouimet \u2013 Cordon Bleu\",\"url\":\"https:\/\/clarkcordonbleu.ca\/en\/\",\"logo\":{\"@type\":\"ImageObject\",\"inLanguage\":\"en-US\",\"@id\":\"https:\/\/clarkcordonbleu.ca\/en\/#\/schema\/logo\/image\/\",\"url\":\"https:\/\/clarkcordonbleu.ca\/wp-content\/uploads\/2023\/02\/logo-cordon-bleu-696x696-1.jpg\",\"contentUrl\":\"https:\/\/clarkcordonbleu.ca\/wp-content\/uploads\/2023\/02\/logo-cordon-bleu-696x696-1.jpg\",\"width\":696,\"height\":696,\"caption\":\"Cordon Bleu\"},\"image\":{\"@id\":\"https:\/\/clarkcordonbleu.ca\/en\/#\/schema\/logo\/image\/\"},\"sameAs\":[\"https:\/\/www.facebook.com\/alimentscordonbleu\",\"https:\/\/fr.linkedin.com\/company\/devienscordonbleu\",\"https:\/\/www.instagram.com\/cordonbleu.aocb\/\"]}]}<\/script>\n<!-- \/ Yoast SEO Premium plugin. -->","yoast_head_json":{"title":"Privacy Policy &#8226; Cordon Bleu","robots":{"index":"index","follow":"follow","max-snippet":"max-snippet:-1","max-image-preview":"max-image-preview:large","max-video-preview":"max-video-preview:-1"},"canonical":"https:\/\/clarkcordonbleu.ca\/en\/privacy-policy\/","og_locale":"en_US","og_type":"article","og_title":"Privacy Policy","og_description":"Privacy Policy This website is operated by OUIMET-CORDON BLEU FOODS INC. On this site, the terms \u201cwe,\u201d \u201cour,\u201d and \u201cours\u201d refer to OUIMET-CORDON BLEU FOODS INC. Before visiting our website or becoming a user, you must read and accept all the terms of this privacy policy. We reserve the right to update, change, or replace [&hellip;]","og_url":"https:\/\/clarkcordonbleu.ca\/en\/privacy-policy\/","og_site_name":"Cordon Bleu","article_publisher":"https:\/\/www.facebook.com\/alimentscordonbleu","article_modified_time":"2024-11-18T17:00:51+00:00","og_image":[{"width":1200,"height":675,"url":"https:\/\/clarkcordonbleu.ca\/wp-content\/uploads\/2023\/02\/palette-cannes-cordon-bleu.jpg","type":"image\/jpeg"}],"twitter_card":"summary_large_image","twitter_misc":{"Est. reading time":"2 minutes"},"schema":{"@context":"https:\/\/schema.org","@graph":[{"@type":"WebPage","@id":"https:\/\/clarkcordonbleu.ca\/en\/privacy-policy\/","url":"https:\/\/clarkcordonbleu.ca\/en\/privacy-policy\/","name":"Privacy Policy &#8226; Cordon Bleu","isPartOf":{"@id":"https:\/\/clarkcordonbleu.ca\/en\/#website"},"datePublished":"2022-11-22T01:12:08+00:00","dateModified":"2024-11-18T17:00:51+00:00","breadcrumb":{"@id":"https:\/\/clarkcordonbleu.ca\/en\/privacy-policy\/#breadcrumb"},"inLanguage":"en-US","potentialAction":[{"@type":"ReadAction","target":["https:\/\/clarkcordonbleu.ca\/en\/privacy-policy\/"]}]},{"@type":"BreadcrumbList","@id":"https:\/\/clarkcordonbleu.ca\/en\/privacy-policy\/#breadcrumb","itemListElement":[{"@type":"ListItem","position":1,"name":"Home","item":"https:\/\/clarkcordonbleu.ca\/en\/"},{"@type":"ListItem","position":2,"name":"Privacy Policy"}]},{"@type":"WebSite","@id":"https:\/\/clarkcordonbleu.ca\/en\/#website","url":"https:\/\/clarkcordonbleu.ca\/en\/","name":"Cordon Bleu","description":"Depuis 1933, entreprise de transformation alimentaire fi\u00e8rement qu\u00e9b\u00e9coise","publisher":{"@id":"https:\/\/clarkcordonbleu.ca\/en\/#organization"},"alternateName":"Aliments Ouimet \u2013 Cordon Bleu","potentialAction":[{"@type":"SearchAction","target":{"@type":"EntryPoint","urlTemplate":"https:\/\/clarkcordonbleu.ca\/en\/?s={search_term_string}"},"query-input":{"@type":"PropertyValueSpecification","valueRequired":true,"valueName":"search_term_string"}}],"inLanguage":"en-US"},{"@type":"Organization","@id":"https:\/\/clarkcordonbleu.ca\/en\/#organization","name":"Cordon Bleu","alternateName":"Aliments Ouimet \u2013 Cordon Bleu","url":"https:\/\/clarkcordonbleu.ca\/en\/","logo":{"@type":"ImageObject","inLanguage":"en-US","@id":"https:\/\/clarkcordonbleu.ca\/en\/#\/schema\/logo\/image\/","url":"https:\/\/clarkcordonbleu.ca\/wp-content\/uploads\/2023\/02\/logo-cordon-bleu-696x696-1.jpg","contentUrl":"https:\/\/clarkcordonbleu.ca\/wp-content\/uploads\/2023\/02\/logo-cordon-bleu-696x696-1.jpg","width":696,"height":696,"caption":"Cordon Bleu"},"image":{"@id":"https:\/\/clarkcordonbleu.ca\/en\/#\/schema\/logo\/image\/"},"sameAs":["https:\/\/www.facebook.com\/alimentscordonbleu","https:\/\/fr.linkedin.com\/company\/devienscordonbleu","https:\/\/www.instagram.com\/cordonbleu.aocb\/"]}]}},"_links":{"self":[{"href":"https:\/\/clarkcordonbleu.ca\/en\/wp-json\/wp\/v2\/pages\/22992606","targetHints":{"allow":["GET"]}}],"collection":[{"href":"https:\/\/clarkcordonbleu.ca\/en\/wp-json\/wp\/v2\/pages"}],"about":[{"href":"https:\/\/clarkcordonbleu.ca\/en\/wp-json\/wp\/v2\/types\/page"}],"author":[{"embeddable":true,"href":"https:\/\/clarkcordonbleu.ca\/en\/wp-json\/wp\/v2\/users\/2"}],"replies":[{"embeddable":true,"href":"https:\/\/clarkcordonbleu.ca\/en\/wp-json\/wp\/v2\/comments?post=22992606"}],"version-history":[{"count":10,"href":"https:\/\/clarkcordonbleu.ca\/en\/wp-json\/wp\/v2\/pages\/22992606\/revisions"}],"predecessor-version":[{"id":22992921,"href":"https:\/\/clarkcordonbleu.ca\/en\/wp-json\/wp\/v2\/pages\/22992606\/revisions\/22992921"}],"wp:attachment":[{"href":"https:\/\/clarkcordonbleu.ca\/en\/wp-json\/wp\/v2\/media?parent=22992606"}],"wp:term":[{"taxonomy":"dipi_cpt_category","embeddable":true,"href":"https:\/\/clarkcordonbleu.ca\/en\/wp-json\/wp\/v2\/dipi_cpt_category?post=22992606"}],"curies":[{"name":"wp","href":"https:\/\/api.w.org\/{rel}","templated":true}]}}